{"id":12017,"date":"2021-06-26T21:22:36","date_gmt":"2021-06-26T21:22:36","guid":{"rendered":"https:\/\/adegavidigueira.pt\/faqs\/"},"modified":"2023-02-17T13:02:50","modified_gmt":"2023-02-17T13:02:50","slug":"faqs","status":"publish","type":"page","link":"https:\/\/adegavidigueira.pt\/en\/faqs\/","title":{"rendered":"FAQs"},"content":{"rendered":"&#13;\n<h2>A Adega tem loja f\u00edsica?<\/h2>&#13;\n&#13;\n<div id=\"tw-container\" class=\"YQaNob\" data-cp=\"1\" data-is-ver=\"false\" data-nnttsvi=\"1\" data-sm=\"1\" data-sugg-time=\"500\" data-sugg-url=\"https:\/\/clients1.google.com\/complete\/search\" data-uilc=\"pt-PT\">&#13;\n<div id=\"tw-ob\" class=\"tw-src-ltr\">&#13;\n<div class=\"oSioSc\">&#13;\n<div id=\"tw-target\">&#13;\n<div id=\"kAz1tf\" class=\"g9WsWb\">&#13;\n<div id=\"tw-target-text-container\" class=\"tw-ta-container hide-focus-ring tw-nfl\" tabindex=\"0\">&#13;\n<p id=\"tw-target-text\" class=\"tw-data-text tw-text-large XcVN5d tw-ta\" dir=\"ltr\" data-placeholder=\"Tradu&#xE7;&#xE3;o\"><span class=\"Y2IQFc\" lang=\"en\">Yes. You can check your location and other information, such as opening hours, on the <\/span><a href=\"https:\/\/adegavidigueira.pt\/en\/contacts\/\">Contacts<\/a> page.<\/p>&#13;\n&#13;\n<\/div>&#13;\n<\/div>&#13;\n<\/div>&#13;\n<\/div>&#13;\n<\/div>&#13;\n<\/div>&#13;\n<p>\u00a0<\/p>&#13;\n<p><\/p>&#13;\n<h2>Onde posso encontrar informa\u00e7\u00f5es sobre os produtos?<\/h2>&#13;\n<p><\/p>&#13;\n<p>Just click on the image of the product you want and you will be able to see all the information in detail, as well as several photos.<\/p>&#13;\n<p><\/p>&#13;\n<p>If you want more information, just call or through\u00a0<a href=\"https:\/\/adegavidigueira.pt\/en\/contacts\/\">Contacto<\/a>:<\/p>&#13;\n<p><\/p>&#13;\n<p>Telephone: + 351 284 437 240 or + 351 939 190 460<\/p>&#13;\n<p><\/p>&#13;\n<p>You can also send us a message via <a href=\"https:\/\/www.facebook.com\/AdegaCooperativadeVidigueira\" target=\"_blank\" rel=\"noopener\">Facebook<\/a> and <a href=\"https:\/\/www.instagram.com\/adegavidigueira\/\" target=\"_blank\" rel=\"noopener\">Instagram<\/a>.<\/p>&#13;\n<p>\u00a0<\/p>&#13;\n<p><\/p>&#13;\n<h2>Os pre\u00e7os incluem taxas e impostos?<\/h2>&#13;\n<p><\/p>&#13;\n<p>Yes. The values \u200b\u200bshown include all legal fees in force. The final amount, after selecting the desired shipping option, will be the one you will have to pay using the selected method.<\/p>&#13;\n<p><\/p>&#13;\n<p>\u00a0<\/p>&#13;\n<h2>Como sei se o produto que quero est\u00e1 dispon\u00edvel?<\/h2>&#13;\n<p><\/p>&#13;\n<p>The Stock of products is updated frequently. If there is a stock break, we will contact you to offer a solution compatible with your expectations.<\/p>&#13;\n<p><\/p>&#13;\n<p>\u00a0<\/p>&#13;\n<h2>J\u00e1 n\u00e3o t\u00eam o produto que quero. V\u00e3o voltar a ter stock?<\/h2>&#13;\n<p><\/p>&#13;\n<div id=\"tw-container\" class=\"YQaNob\" data-cp=\"1\" data-is-ver=\"false\" data-nnttsvi=\"1\" data-sm=\"1\" data-sugg-time=\"500\" data-sugg-url=\"https:\/\/clients1.google.com\/complete\/search\" data-uilc=\"pt-PT\">&#13;\n<div id=\"tw-ob\" class=\"tw-src-ltr\">&#13;\n<div class=\"oSioSc\">&#13;\n<div id=\"tw-target\">&#13;\n<div id=\"kAz1tf\" class=\"g9WsWb\">&#13;\n<div id=\"tw-target-text-container\" class=\"tw-ta-container hide-focus-ring tw-nfl\" tabindex=\"0\">&#13;\n<p id=\"tw-target-text\" class=\"tw-data-text tw-text-large XcVN5d tw-ta\" dir=\"ltr\" data-placeholder=\"Tradu&#xE7;&#xE3;o\"><span class=\"Y2IQFc\" lang=\"en\">It&#8217;s possible! If you want more information, just call or through the<\/span>\u00a0<a href=\"https:\/\/adegavidigueira.pt\/en\/contacts\/\">Contacts<\/a> page.<\/p>&#13;\n&#13;\n<\/div>&#13;\n<\/div>&#13;\n<\/div>&#13;\n<\/div>&#13;\n<\/div>&#13;\n<\/div>&#13;\n<p><\/p>&#13;\n<p>Telephone: + 351 284 437 240 or + 351 939 190 460<\/p>&#13;\n<p><\/p>&#13;\n<p>You can also send us a message via <a href=\"https:\/\/www.facebook.com\/AdegaCooperativadeVidigueira\" target=\"_blank\" rel=\"noopener\">Facebook<\/a> and <a href=\"https:\/\/www.instagram.com\/adegavidigueira\/\" target=\"_blank\" rel=\"noopener\">Instagram<\/a>.<\/p>&#13;\n<p><\/p>&#13;\n<p>\u00a0<\/p>&#13;\n<h2>Os pre\u00e7os expostos s\u00e3o negoci\u00e1veis?<\/h2>&#13;\n<p><\/p>&#13;\n<p>The values \u200b\u200bshown are our best prices.<\/p>&#13;\n<p><\/p>&#13;\n<p>If you want more information, just call or through\u00a0<a href=\"https:\/\/adegavidigueira.pt\/en\/contacts\/\">Contacto<\/a>:<\/p>&#13;\n<p><\/p>&#13;\n<p>Telephone: + 351 284 437 240 or + 351 939 190 460<\/p>&#13;\n<p><\/p>&#13;\n<p>You can also send us a message via <a href=\"https:\/\/www.facebook.com\/AdegaCooperativadeVidigueira\" target=\"_blank\" rel=\"noopener\">Facebook<\/a> and <a href=\"https:\/\/www.instagram.com\/adegavidigueira\/\" target=\"_blank\" rel=\"noopener\">Instagram<\/a>.<\/p>&#13;\n<p><\/p>&#13;\n<p>\u00a0<\/p>&#13;\n<h2>Posso oferecer uma encomenda como presente?<\/h2>&#13;\n<p><\/p>&#13;\n<p>Yea! We will use our utmost discretion so that the order is sent as a surprise. We may send you a card with a special message. Just ask!<\/p>&#13;\n<p><\/p><\/p>\r\n<hr class=\"wp-block-separator\" \/>\r\n<p><p>.<\/p>\n","protected":false},"excerpt":{"rendered":"<p>&#13; A Adega tem loja f\u00edsica? &#13; &#13; &#13; &#13; &#13; &#13; &#13; &#13; Yes. You can check your location and other information, such as [&hellip;]<\/p>\n","protected":false},"author":14,"featured_media":0,"parent":0,"menu_order":0,"comment_status":"closed","ping_status":"closed","template":"","meta":{"inline_featured_image":false,"_joinchat":[],"footnotes":""},"class_list":["post-12017","page","type-page","status-publish","hentry"],"yoast_head":"<!-- This site is optimized with the Yoast SEO plugin v27.3 - https:\/\/yoast.com\/product\/yoast-seo-wordpress\/ -->\n<title>FAQs - Adega Vidigueira, Cuba e Alvito<\/title>\n<meta name=\"robots\" content=\"index, follow, max-snippet:-1, max-image-preview:large, max-video-preview:-1\" \/>\n<link rel=\"canonical\" href=\"https:\/\/adegavidigueira.pt\/perguntas_frequentes\/\" \/>\n<meta property=\"og:locale\" content=\"en_US\" \/>\n<meta property=\"og:type\" content=\"article\" \/>\n<meta property=\"og:title\" content=\"FAQs - Adega Vidigueira, Cuba e Alvito\" \/>\n<meta property=\"og:description\" content=\"&#013; A Adega tem loja f\u00edsica? &#013; &#013; &#013; &#013; &#013; &#013; &#013; &#013; Yes. You can check your location and other information, such as [&hellip;]\" \/>\n<meta property=\"og:url\" content=\"https:\/\/adegavidigueira.pt\/perguntas_frequentes\/\" \/>\n<meta property=\"og:site_name\" content=\"Adega Vidigueira, Cuba e Alvito\" \/>\n<meta property=\"article:publisher\" content=\"https:\/\/www.facebook.com\/AdegaCooperativadeVidigueira\" \/>\n<meta property=\"article:modified_time\" content=\"2023-02-17T13:02:50+00:00\" \/>\n<meta name=\"twitter:card\" content=\"summary_large_image\" \/>\n<meta name=\"twitter:label1\" content=\"Est. reading time\" \/>\n\t<meta name=\"twitter:data1\" content=\"1 minute\" \/>\n<script type=\"application\/ld+json\" class=\"yoast-schema-graph\">{\"@context\":\"https:\\\/\\\/schema.org\",\"@graph\":[{\"@type\":\"WebPage\",\"@id\":\"https:\\\/\\\/adegavidigueira.pt\\\/perguntas_frequentes\\\/\",\"url\":\"https:\\\/\\\/adegavidigueira.pt\\\/perguntas_frequentes\\\/\",\"name\":\"FAQs - Adega Vidigueira, Cuba e Alvito\",\"isPartOf\":{\"@id\":\"https:\\\/\\\/adegavidigueira.pt\\\/#website\"},\"datePublished\":\"2021-06-26T21:22:36+00:00\",\"dateModified\":\"2023-02-17T13:02:50+00:00\",\"breadcrumb\":{\"@id\":\"https:\\\/\\\/adegavidigueira.pt\\\/perguntas_frequentes\\\/#breadcrumb\"},\"inLanguage\":\"en-US\",\"potentialAction\":[{\"@type\":\"ReadAction\",\"target\":[\"https:\\\/\\\/adegavidigueira.pt\\\/perguntas_frequentes\\\/\"]}]},{\"@type\":\"BreadcrumbList\",\"@id\":\"https:\\\/\\\/adegavidigueira.pt\\\/perguntas_frequentes\\\/#breadcrumb\",\"itemListElement\":[{\"@type\":\"ListItem\",\"position\":1,\"name\":\"In\u00edcio\",\"item\":\"https:\\\/\\\/adegavidigueira.pt\\\/en\\\/adega-vidigueira-cuba-e-alvito\\\/\"},{\"@type\":\"ListItem\",\"position\":2,\"name\":\"FAQs\"}]},{\"@type\":\"WebSite\",\"@id\":\"https:\\\/\\\/adegavidigueira.pt\\\/#website\",\"url\":\"https:\\\/\\\/adegavidigueira.pt\\\/\",\"name\":\"Adega Cooperativa Vidigueira, Cuba e Alvito\",\"description\":\"Quando o Vinho \u00e9 uma Viagem\",\"publisher\":{\"@id\":\"https:\\\/\\\/adegavidigueira.pt\\\/#organization\"},\"potentialAction\":[{\"@type\":\"SearchAction\",\"target\":{\"@type\":\"EntryPoint\",\"urlTemplate\":\"https:\\\/\\\/adegavidigueira.pt\\\/?s={search_term_string}\"},\"query-input\":{\"@type\":\"PropertyValueSpecification\",\"valueRequired\":true,\"valueName\":\"search_term_string\"}}],\"inLanguage\":\"en-US\"},{\"@type\":\"Organization\",\"@id\":\"https:\\\/\\\/adegavidigueira.pt\\\/#organization\",\"name\":\"Adega Cooperativa Vidigueira, Cuba e Alvito\",\"url\":\"https:\\\/\\\/adegavidigueira.pt\\\/\",\"logo\":{\"@type\":\"ImageObject\",\"inLanguage\":\"en-US\",\"@id\":\"https:\\\/\\\/adegavidigueira.pt\\\/#\\\/schema\\\/logo\\\/image\\\/\",\"url\":\"https:\\\/\\\/adegavidigueira.pt\\\/wp-content\\\/uploads\\\/2021\\\/06\\\/logotipo-acvca-horizontal-preto-200.png\",\"contentUrl\":\"https:\\\/\\\/adegavidigueira.pt\\\/wp-content\\\/uploads\\\/2021\\\/06\\\/logotipo-acvca-horizontal-preto-200.png\",\"width\":200,\"height\":50,\"caption\":\"Adega Cooperativa Vidigueira, Cuba e Alvito\"},\"image\":{\"@id\":\"https:\\\/\\\/adegavidigueira.pt\\\/#\\\/schema\\\/logo\\\/image\\\/\"},\"sameAs\":[\"https:\\\/\\\/www.facebook.com\\\/AdegaCooperativadeVidigueira\",\"https:\\\/\\\/www.instagram.com\\\/adegavidigueira\\\/\"]}]}<\/script>\n<!-- \/ Yoast SEO plugin. -->","yoast_head_json":{"title":"FAQs - Adega Vidigueira, Cuba e Alvito","robots":{"index":"index","follow":"follow","max-snippet":"max-snippet:-1","max-image-preview":"max-image-preview:large","max-video-preview":"max-video-preview:-1"},"canonical":"https:\/\/adegavidigueira.pt\/perguntas_frequentes\/","og_locale":"en_US","og_type":"article","og_title":"FAQs - Adega Vidigueira, Cuba e Alvito","og_description":"&#13; A Adega tem loja f\u00edsica? &#13; &#13; &#13; &#13; &#13; &#13; &#13; &#13; Yes. You can check your location and other information, such as [&hellip;]","og_url":"https:\/\/adegavidigueira.pt\/perguntas_frequentes\/","og_site_name":"Adega Vidigueira, Cuba e Alvito","article_publisher":"https:\/\/www.facebook.com\/AdegaCooperativadeVidigueira","article_modified_time":"2023-02-17T13:02:50+00:00","twitter_card":"summary_large_image","twitter_misc":{"Est. reading time":"1 minute"},"schema":{"@context":"https:\/\/schema.org","@graph":[{"@type":"WebPage","@id":"https:\/\/adegavidigueira.pt\/perguntas_frequentes\/","url":"https:\/\/adegavidigueira.pt\/perguntas_frequentes\/","name":"FAQs - Adega Vidigueira, Cuba e Alvito","isPartOf":{"@id":"https:\/\/adegavidigueira.pt\/#website"},"datePublished":"2021-06-26T21:22:36+00:00","dateModified":"2023-02-17T13:02:50+00:00","breadcrumb":{"@id":"https:\/\/adegavidigueira.pt\/perguntas_frequentes\/#breadcrumb"},"inLanguage":"en-US","potentialAction":[{"@type":"ReadAction","target":["https:\/\/adegavidigueira.pt\/perguntas_frequentes\/"]}]},{"@type":"BreadcrumbList","@id":"https:\/\/adegavidigueira.pt\/perguntas_frequentes\/#breadcrumb","itemListElement":[{"@type":"ListItem","position":1,"name":"In\u00edcio","item":"https:\/\/adegavidigueira.pt\/en\/adega-vidigueira-cuba-e-alvito\/"},{"@type":"ListItem","position":2,"name":"FAQs"}]},{"@type":"WebSite","@id":"https:\/\/adegavidigueira.pt\/#website","url":"https:\/\/adegavidigueira.pt\/","name":"Adega Cooperativa Vidigueira, Cuba e Alvito","description":"Quando o Vinho \u00e9 uma Viagem","publisher":{"@id":"https:\/\/adegavidigueira.pt\/#organization"},"potentialAction":[{"@type":"SearchAction","target":{"@type":"EntryPoint","urlTemplate":"https:\/\/adegavidigueira.pt\/?s={search_term_string}"},"query-input":{"@type":"PropertyValueSpecification","valueRequired":true,"valueName":"search_term_string"}}],"inLanguage":"en-US"},{"@type":"Organization","@id":"https:\/\/adegavidigueira.pt\/#organization","name":"Adega Cooperativa Vidigueira, Cuba e Alvito","url":"https:\/\/adegavidigueira.pt\/","logo":{"@type":"ImageObject","inLanguage":"en-US","@id":"https:\/\/adegavidigueira.pt\/#\/schema\/logo\/image\/","url":"https:\/\/adegavidigueira.pt\/wp-content\/uploads\/2021\/06\/logotipo-acvca-horizontal-preto-200.png","contentUrl":"https:\/\/adegavidigueira.pt\/wp-content\/uploads\/2021\/06\/logotipo-acvca-horizontal-preto-200.png","width":200,"height":50,"caption":"Adega Cooperativa Vidigueira, Cuba e Alvito"},"image":{"@id":"https:\/\/adegavidigueira.pt\/#\/schema\/logo\/image\/"},"sameAs":["https:\/\/www.facebook.com\/AdegaCooperativadeVidigueira","https:\/\/www.instagram.com\/adegavidigueira\/"]}]}},"_links":{"self":[{"href":"https:\/\/adegavidigueira.pt\/en\/wp-json\/wp\/v2\/pages\/12017","targetHints":{"allow":["GET"]}}],"collection":[{"href":"https:\/\/adegavidigueira.pt\/en\/wp-json\/wp\/v2\/pages"}],"about":[{"href":"https:\/\/adegavidigueira.pt\/en\/wp-json\/wp\/v2\/types\/page"}],"author":[{"embeddable":true,"href":"https:\/\/adegavidigueira.pt\/en\/wp-json\/wp\/v2\/users\/14"}],"replies":[{"embeddable":true,"href":"https:\/\/adegavidigueira.pt\/en\/wp-json\/wp\/v2\/comments?post=12017"}],"version-history":[{"count":0,"href":"https:\/\/adegavidigueira.pt\/en\/wp-json\/wp\/v2\/pages\/12017\/revisions"}],"wp:attachment":[{"href":"https:\/\/adegavidigueira.pt\/en\/wp-json\/wp\/v2\/media?parent=12017"}],"curies":[{"name":"wp","href":"https:\/\/api.w.org\/{rel}","templated":true}]}}