{"id":12022,"date":"2021-06-26T21:42:22","date_gmt":"2021-06-26T21:42:22","guid":{"rendered":"https:\/\/adegavidigueira.pt\/vidigueira-region\/"},"modified":"2021-06-26T21:42:24","modified_gmt":"2021-06-26T21:42:24","slug":"vidigueira-region","status":"publish","type":"page","link":"https:\/\/adegavidigueira.pt\/en\/vidigueira-region\/","title":{"rendered":"Vidigueira Region"},"content":{"rendered":"<div class=\"wpb-content-wrapper\"><p>[vc_row full_width=&#8221;stretch_row&#8221; content_placement=&#8221;middle&#8221; kd_image_overlay_color=&#8221;rgba(0,0,0,0.4)&#8221; kd_image_overlay=&#8221;true&#8221; css=&#8221;.vc_custom_1613645444067{padding-top: 200px !important;padding-bottom: 330px !important;background-image: url(http:\/\/adegavidigueira.pt\/wp-content\/uploads\/2021\/02\/A-regia\u0303o-da-Vidigueira-vinha.jpg?id=8643) !important;background-position: center !important;background-repeat: no-repeat !important;background-size: cover !important;}&#8221;][vc_column][vc_row_inner][vc_column_inner width=&#8221;1\/4&#8243;][\/vc_column_inner][vc_column_inner width=&#8221;1\/2&#8243;]<header class=\"kd-section-title col-lg-12 text-center    \" ><h1 class=\"separator_off\" style=\"color: #ffffff;\">Vidigueira Region<\/h1><\/header>[\/vc_column_inner][vc_column_inner width=&#8221;1\/4&#8243;][\/vc_column_inner][\/vc_row_inner][\/vc_column][\/vc_row][vc_row full_width=&#8221;stretch_row&#8221; content_placement=&#8221;middle&#8221; css=&#8221;.vc_custom_1613060259113{background-image: url(http:\/\/adegavidigueira.pt\/wp-content\/uploads\/2021\/02\/simbolos-maritimos-8.png?id=8352) !important;}&#8221; el_class=&#8221;ccbkgimgesq&#8221;][vc_column][vc_empty_space height=&#8221;50px&#8221;][\/vc_column][vc_column]<header class=\"kd-section-title col-lg-12 text-left solid-line sep-border-width-3    \" ><h2 class=\"separator_on\" style=\"color: #222222;\">Winegrowing Overview<\/h2><div class=\"kd-separator below_title\" ><div class=\"kd-separator-line\" style=\"border-color:#105198\"><\/div><\/div><\/header>[vc_column_text]The winegrowing history of the Alentejo region has been built over many centuries. There are countless traces of civilisation associated with the production and consumption of wine in this territory, which gives us a legacy of knowledge and tradition that persists to the present day. The Roman legacy, although not the only one nor the first, is one of the most important for this region, especially due to the wine-making technique in clay amphorae, which is still used today by many producers in the municipalities of Vidigueira, Cuba and Alvito.<\/p>\n<p>Despite this ancient relationship with wine, vine growing was not always promoted in the Alentejo. There were several periods of crisis in this industry, namely with the Muslim occupation in the 8<sup>th<\/sup> century, or later, in the 18<sup>th<\/sup> century, with the forced uprooting of vines by the Marquis of Pombal. The then Prime Minister of D. Jos\u00e9 had created the<em> Real Companhia Geral de Agricultura dos Vinhos do Douro<\/em>, which defended the wines of that region to the detriment of those produced in other areas of the country.<\/p>\n<p>The recovery of the vineyards began in the mid-19<sup>th<\/sup> century and a golden age for Alentejo wines followed. A milestone of this period was the medal of honour won by a white wine from Vidigueira, Quinta das Rel\u00edquias, presented by the Viscount of Ribeira Brava, at the 1888 Berlin Exhibition.<\/p>\n<p>Still in this period of bonhomie, in 1895 the first Portuguese Social Winery was created in Viana do Alentejo. The tide would turn negatively for Alentejo wines, with the region going through a dark period following the phylloxera plague and important social, political and economic events, such as the two World Wars.<\/p>\n<p>In the mid-20<sup>th<\/sup> century, the <em>Estado Novo<\/em> (authoritarian regime) indirectly repressed vines in the region once again by creating a cereal campaign that aimed to turn the Alentejo into \u00abPortugal&#8217;s granary\u00bb. During this phase, wine production reprocessed and, with few exceptions, became a domestic production for little more than self-consumption.<\/p>\n<p>Despite some efforts made in the 1950s and 60s to rehabilitate vines in the Alentejo, it was only in the 1970s that the associative movement truly managed to revitalise winegrowing in the Alentejo. In 1988 the first Alentejo protected designations of origin were regulated and since then the vast and differentiated Alentejo territory has gained prominence with its wines winning countless national and international awards.<\/p>\n<p>Vineyards and wine shape the economic and cultural profile of Vidigueira. Vidigueira, Cuba and Alvito are part of a landscape that Fialho de Almeida called \u00abThe Country of Grapes\u00bb.[\/vc_column_text][\/vc_column][vc_column][vc_empty_space height=&#8221;50px&#8221;][\/vc_column][\/vc_row][vc_row full_width=&#8221;stretch_row_content&#8221; content_placement=&#8221;middle&#8221; css=&#8221;.vc_custom_1615477999889{background-color: rgba(0,0,0,0.01) !important;*background-color: rgb(0,0,0) !important;}&#8221;][vc_column][vc_empty_space height=&#8221;50px&#8221;][\/vc_column][vc_column][vc_single_image image=&#8221;9189&#8243; img_size=&#8221;large&#8221; alignment=&#8221;center&#8221;][\/vc_column][vc_column][vc_empty_space height=&#8221;50px&#8221;][\/vc_column][\/vc_row][vc_row full_width=&#8221;stretch_row&#8221; content_placement=&#8221;middle&#8221; css=&#8221;.vc_custom_1615477630177{background-image: url(http:\/\/adegavidigueira.pt\/wp-content\/uploads\/2021\/02\/simbolos-maritimos-3.png?id=8342) !important;background-position: center !important;background-repeat: no-repeat !important;background-size: cover !important;}&#8221; el_class=&#8221;ccbkgimgesq&#8221;][vc_column][vc_empty_space height=&#8221;50px&#8221;][\/vc_column][vc_column]<header class=\"kd-section-title col-lg-12 text-left solid-line sep-border-width-3    \" ><h2 class=\"separator_on\" style=\"color: #222222;\">Encourages Discovery<\/h2><div class=\"kd-separator below_title\" ><div class=\"kd-separator-line\" style=\"border-color:#105198\"><\/div><\/div><\/header>[vc_column_text]Documented since the 13<sup>th<\/sup> century, Vidigueira&#8217;s existence today bears the marks of a history and heritage that extends over the centuries, deeply marked by the influence of the Catholic Church, recognisable in its chapels and churches. Since 1519, when the town was ceded to Vasco da Gama, it has maintained and celebrated a deep relationship with the imagery of the discoverers, being recognised as \u201cthe town of the <em>Gamas<\/em>\u201d.<\/p>\n<p>To the west of Vidigueira is Cuba, a town whose historical records date back to the 13<sup>th<\/sup> century, but whose occupation dates back to 3000 years before our era, with archaeological records confirming the existence of a megalithic civilisation. Just as the origin of the word Vidigueira seems to derive from \u00abvine\u00bb, the name Cuba is said to have originated after the conquest of the land from the Arab people, when a large quantity of \u201c<em>cubas<\/em>\u201d (amphorae) for storing wine would have been found. But this version, which once again associates the land with wine, is only one of the hypotheses for the name&#8217;s roots.<\/p>\n<p>Also to the west of Vidigueira and Cuba is Alvito, a town whose earliest traces date its occupation to the Neolithic period. Described as a \u00abcurious Alentejo town\u00bb, Alvito was, in the 16<sup>th<\/sup> century, one of the main political centres of the Alentejo, a grandeur still evident in its architectural heritage.<\/p>\n<p>Vidigueira, located in the heart of the Alentejo, flanked to the north by the Serra do Mendro, to the east by the Guadiana, to the south and west by the plains, this village embraces the peace of the people and the soul of the land. From the character and warmth of the Alentejo, from the constant memory, knowledge and flavours, the landscape where the Winery lives is made.[\/vc_column_text][vc_empty_space height=&#8221;50px&#8221;]<header class=\"kd-section-title col-lg-12 text-left solid-line sep-border-width-3    \" ><h2 class=\"separator_on\" style=\"color: #222222;\">The Heritage of Vineyards and Wine<\/h2><div class=\"kd-separator below_title\" ><div class=\"kd-separator-line\" style=\"border-color:#105198\"><\/div><\/div><\/header>[vc_column_text]Vine growing was a reality in the Alentejo in Roman times. Polybius refers to vine growing in the southern part of Lusitania in the middle of the 2<sup>nd<\/sup> century B.C. The grape pips found in the area of the wine presses, in excavations of the Roman Villa of S. Cucufate (Vila de Frades &#8211; Vidigueira) between the 1<sup>st<\/sup> and 4<sup>th<\/sup> centuries confirm the importance of vines and wine in the region.<\/p>\n<p>During the reign of D. Jo\u00e3o II, in the 15<sup>th<\/sup> Century, Breton merchants often bought wines from the Alentejo. In the 16<sup>th<\/sup> Century, galleons laden with wine from this region often set sail for the Orient. At this time, Vidigueira and Vila de Frades were landlords of the Count of Vidigueira, Admiral Vasco da Gama, who was paid various rents for the vines. A 17<sup>th<\/sup> Century chronicler mentioned Vila de Frades and Alvito as some of the places in the Alentejo where the best wines were produced.<\/p>\n<p>In the 19<sup>th<\/sup> century, Vidigueira, Vila de Frades, Cuba and Alvito were already part of the seventh wine region of the country. Through the history it undertakes and reinvents every day, deeply marked by the region that surrounds it and intertwined with it, the Winery presents itself as the heir to an entire culture of wine.[\/vc_column_text][\/vc_column][vc_column][vc_empty_space height=&#8221;50px&#8221;][\/vc_column][\/vc_row][vc_row full_width=&#8221;stretch_row&#8221; equal_height=&#8221;yes&#8221; content_placement=&#8221;middle&#8221; css=&#8221;.vc_custom_1615478009778{background-color: rgba(0,0,0,0.01) !important;*background-color: rgb(0,0,0) !important;}&#8221;][vc_column][vc_empty_space height=&#8221;50px&#8221;][\/vc_column][vc_column width=&#8221;1\/2&#8243;][vc_single_image image=&#8221;9363&#8243; img_size=&#8221;large&#8221; alignment=&#8221;center&#8221;][\/vc_column][vc_column width=&#8221;1\/2&#8243;]<header class=\"kd-section-title col-lg-12 text-left solid-line sep-border-width-3    \" ><h2 class=\"separator_on\" style=\"color: #222222;\">Grape Variety<\/h2><div class=\"kd-separator below_title\" ><div class=\"kd-separator-line\" style=\"border-color:#105198\"><\/div><\/div><\/header>[vc_column_text]There are several grape varieties that contribute to the specificity of our wines: Aragonez, Trincadeira, Alfrocheiro, Castel\u00e3o, Moreto, Syrah and Alicante Bouschet (red grape varieties), and Perrum, Roupeiro, Mante\u00fado, Arinto and Ant\u00e3o Vaz (white grape varieties), the latter being the one that gives the Vidigueira wine-growing sub-region greater recognition.<\/p>\n<p>The origin of the variety name Ant\u00e3o Vaz is not known for certain, but curiously enough, it was the name of the grandfather of Lu\u00eds Vaz de Cam\u00f5es, the poet who celebrated the discoveries and Vasco da Gama&#8217;s voyage from Portugal to India in \u00ab<em>Os Lus\u00edadas<\/em>\u00bb.<\/p>\n<p>To date, it is only in the sub-region of Vidigueira that one can find old vines of the Ant\u00e3o Vaz variety, an autochthonous grape variety maintained by the region&#8217;s producers and producing a unique wine.[\/vc_column_text][\/vc_column][vc_column][vc_empty_space height=&#8221;50px&#8221;][\/vc_column][\/vc_row]<\/p>\n<\/div>","protected":false},"excerpt":{"rendered":"<p>[vc_row full_width=&#8221;stretch_row&#8221; content_placement=&#8221;middle&#8221; kd_image_overlay_color=&#8221;rgba(0,0,0,0.4)&#8221; kd_image_overlay=&#8221;true&#8221; css=&#8221;.vc_custom_1613645444067{padding-top: 200px !important;padding-bottom: 330px !important;background-image: url(http:\/\/adegavidigueira.pt\/wp-content\/uploads\/2021\/02\/A-regia\u0303o-da-Vidigueira-vinha.jpg?id=8643) !important;background-position: center !important;background-repeat: no-repeat !important;background-size: cover !important;}&#8221;][vc_column][vc_row_inner][vc_column_inner width=&#8221;1\/4&#8243;][\/vc_column_inner][vc_column_inner width=&#8221;1\/2&#8243;][\/vc_column_inner][vc_column_inner width=&#8221;1\/4&#8243;][\/vc_column_inner][\/vc_row_inner][\/vc_column][\/vc_row][vc_row full_width=&#8221;stretch_row&#8221; content_placement=&#8221;middle&#8221; css=&#8221;.vc_custom_1613060259113{background-image: url(http:\/\/adegavidigueira.pt\/wp-content\/uploads\/2021\/02\/simbolos-maritimos-8.png?id=8352) [&hellip;]<\/p>\n","protected":false},"author":14,"featured_media":9379,"parent":0,"menu_order":0,"comment_status":"closed","ping_status":"closed","template":"","meta":{"inline_featured_image":false,"_joinchat":[],"footnotes":""},"class_list":["post-12022","page","type-page","status-publish","has-post-thumbnail","hentry"],"yoast_head":"<!-- This site is optimized with the Yoast SEO plugin v27.3 - https:\/\/yoast.com\/product\/yoast-seo-wordpress\/ -->\n<title>Vidigueira Region - Adega Vidigueira, Cuba e Alvito<\/title>\n<meta name=\"robots\" content=\"index, follow, max-snippet:-1, max-image-preview:large, max-video-preview:-1\" \/>\n<link rel=\"canonical\" href=\"https:\/\/adegavidigueira.pt\/en\/vidigueira-region\/\" \/>\n<meta property=\"og:locale\" content=\"en_US\" \/>\n<meta property=\"og:type\" content=\"article\" \/>\n<meta property=\"og:title\" content=\"Vidigueira Region - Adega Vidigueira, Cuba e Alvito\" \/>\n<meta property=\"og:description\" content=\"[vc_row full_width=&#8221;stretch_row&#8221; content_placement=&#8221;middle&#8221; kd_image_overlay_color=&#8221;rgba(0,0,0,0.4)&#8221; kd_image_overlay=&#8221;true&#8221; css=&#8221;.vc_custom_1613645444067{padding-top: 200px !important;padding-bottom: 330px !important;background-image: url(http:\/\/adegavidigueira.pt\/wp-content\/uploads\/2021\/02\/A-regia\u0303o-da-Vidigueira-vinha.jpg?id=8643) !important;background-position: center !important;background-repeat: no-repeat !important;background-size: cover !important;}&#8221;][vc_column][vc_row_inner][vc_column_inner width=&#8221;1\/4&#8243;][\/vc_column_inner][vc_column_inner width=&#8221;1\/2&#8243;][\/vc_column_inner][vc_column_inner width=&#8221;1\/4&#8243;][\/vc_column_inner][\/vc_row_inner][\/vc_column][\/vc_row][vc_row full_width=&#8221;stretch_row&#8221; content_placement=&#8221;middle&#8221; css=&#8221;.vc_custom_1613060259113{background-image: url(http:\/\/adegavidigueira.pt\/wp-content\/uploads\/2021\/02\/simbolos-maritimos-8.png?id=8352) [&hellip;]\" \/>\n<meta property=\"og:url\" content=\"https:\/\/adegavidigueira.pt\/en\/vidigueira-region\/\" \/>\n<meta property=\"og:site_name\" content=\"Adega Vidigueira, Cuba e Alvito\" \/>\n<meta property=\"article:publisher\" content=\"https:\/\/www.facebook.com\/AdegaCooperativadeVidigueira\" \/>\n<meta property=\"article:modified_time\" content=\"2021-06-26T21:42:24+00:00\" \/>\n<meta property=\"og:image\" content=\"https:\/\/adegavidigueira.pt\/wp-content\/uploads\/2021\/02\/Vinhas-Adega-da-Vidigueira-Cuba-e-Alvito.jpg\" \/>\n\t<meta property=\"og:image:width\" content=\"1400\" \/>\n\t<meta property=\"og:image:height\" content=\"788\" \/>\n\t<meta property=\"og:image:type\" content=\"image\/jpeg\" \/>\n<meta name=\"twitter:card\" content=\"summary_large_image\" \/>\n<meta name=\"twitter:label1\" content=\"Est. reading time\" \/>\n\t<meta name=\"twitter:data1\" content=\"8 minutes\" \/>\n<script type=\"application\/ld+json\" class=\"yoast-schema-graph\">{\"@context\":\"https:\\\/\\\/schema.org\",\"@graph\":[{\"@type\":\"WebPage\",\"@id\":\"https:\\\/\\\/adegavidigueira.pt\\\/en\\\/vidigueira-region\\\/\",\"url\":\"https:\\\/\\\/adegavidigueira.pt\\\/en\\\/vidigueira-region\\\/\",\"name\":\"Vidigueira Region - Adega Vidigueira, Cuba e Alvito\",\"isPartOf\":{\"@id\":\"https:\\\/\\\/adegavidigueira.pt\\\/#website\"},\"primaryImageOfPage\":{\"@id\":\"https:\\\/\\\/adegavidigueira.pt\\\/en\\\/vidigueira-region\\\/#primaryimage\"},\"image\":{\"@id\":\"https:\\\/\\\/adegavidigueira.pt\\\/en\\\/vidigueira-region\\\/#primaryimage\"},\"thumbnailUrl\":\"https:\\\/\\\/adegavidigueira.pt\\\/wp-content\\\/uploads\\\/2021\\\/02\\\/Vinhas-Adega-da-Vidigueira-Cuba-e-Alvito.jpg\",\"datePublished\":\"2021-06-26T21:42:22+00:00\",\"dateModified\":\"2021-06-26T21:42:24+00:00\",\"breadcrumb\":{\"@id\":\"https:\\\/\\\/adegavidigueira.pt\\\/en\\\/vidigueira-region\\\/#breadcrumb\"},\"inLanguage\":\"en-US\",\"potentialAction\":[{\"@type\":\"ReadAction\",\"target\":[\"https:\\\/\\\/adegavidigueira.pt\\\/en\\\/vidigueira-region\\\/\"]}]},{\"@type\":\"ImageObject\",\"inLanguage\":\"en-US\",\"@id\":\"https:\\\/\\\/adegavidigueira.pt\\\/en\\\/vidigueira-region\\\/#primaryimage\",\"url\":\"https:\\\/\\\/adegavidigueira.pt\\\/wp-content\\\/uploads\\\/2021\\\/02\\\/Vinhas-Adega-da-Vidigueira-Cuba-e-Alvito.jpg\",\"contentUrl\":\"https:\\\/\\\/adegavidigueira.pt\\\/wp-content\\\/uploads\\\/2021\\\/02\\\/Vinhas-Adega-da-Vidigueira-Cuba-e-Alvito.jpg\",\"width\":1400,\"height\":788,\"caption\":\"Vineyards from Adega da Vidigueira Cuba and Alvito\"},{\"@type\":\"BreadcrumbList\",\"@id\":\"https:\\\/\\\/adegavidigueira.pt\\\/en\\\/vidigueira-region\\\/#breadcrumb\",\"itemListElement\":[{\"@type\":\"ListItem\",\"position\":1,\"name\":\"In\u00edcio\",\"item\":\"https:\\\/\\\/adegavidigueira.pt\\\/en\\\/adega-vidigueira-cuba-e-alvito\\\/\"},{\"@type\":\"ListItem\",\"position\":2,\"name\":\"Vidigueira Region\"}]},{\"@type\":\"WebSite\",\"@id\":\"https:\\\/\\\/adegavidigueira.pt\\\/#website\",\"url\":\"https:\\\/\\\/adegavidigueira.pt\\\/\",\"name\":\"Adega Cooperativa Vidigueira, Cuba e Alvito\",\"description\":\"Quando o Vinho \u00e9 uma Viagem\",\"publisher\":{\"@id\":\"https:\\\/\\\/adegavidigueira.pt\\\/#organization\"},\"potentialAction\":[{\"@type\":\"SearchAction\",\"target\":{\"@type\":\"EntryPoint\",\"urlTemplate\":\"https:\\\/\\\/adegavidigueira.pt\\\/?s={search_term_string}\"},\"query-input\":{\"@type\":\"PropertyValueSpecification\",\"valueRequired\":true,\"valueName\":\"search_term_string\"}}],\"inLanguage\":\"en-US\"},{\"@type\":\"Organization\",\"@id\":\"https:\\\/\\\/adegavidigueira.pt\\\/#organization\",\"name\":\"Adega Cooperativa Vidigueira, Cuba e Alvito\",\"url\":\"https:\\\/\\\/adegavidigueira.pt\\\/\",\"logo\":{\"@type\":\"ImageObject\",\"inLanguage\":\"en-US\",\"@id\":\"https:\\\/\\\/adegavidigueira.pt\\\/#\\\/schema\\\/logo\\\/image\\\/\",\"url\":\"https:\\\/\\\/adegavidigueira.pt\\\/wp-content\\\/uploads\\\/2021\\\/06\\\/logotipo-acvca-horizontal-preto-200.png\",\"contentUrl\":\"https:\\\/\\\/adegavidigueira.pt\\\/wp-content\\\/uploads\\\/2021\\\/06\\\/logotipo-acvca-horizontal-preto-200.png\",\"width\":200,\"height\":50,\"caption\":\"Adega Cooperativa Vidigueira, Cuba e Alvito\"},\"image\":{\"@id\":\"https:\\\/\\\/adegavidigueira.pt\\\/#\\\/schema\\\/logo\\\/image\\\/\"},\"sameAs\":[\"https:\\\/\\\/www.facebook.com\\\/AdegaCooperativadeVidigueira\",\"https:\\\/\\\/www.instagram.com\\\/adegavidigueira\\\/\"]}]}<\/script>\n<!-- \/ Yoast SEO plugin. -->","yoast_head_json":{"title":"Vidigueira Region - Adega Vidigueira, Cuba e Alvito","robots":{"index":"index","follow":"follow","max-snippet":"max-snippet:-1","max-image-preview":"max-image-preview:large","max-video-preview":"max-video-preview:-1"},"canonical":"https:\/\/adegavidigueira.pt\/en\/vidigueira-region\/","og_locale":"en_US","og_type":"article","og_title":"Vidigueira Region - Adega Vidigueira, Cuba e Alvito","og_description":"[vc_row full_width=&#8221;stretch_row&#8221; content_placement=&#8221;middle&#8221; kd_image_overlay_color=&#8221;rgba(0,0,0,0.4)&#8221; kd_image_overlay=&#8221;true&#8221; css=&#8221;.vc_custom_1613645444067{padding-top: 200px !important;padding-bottom: 330px !important;background-image: url(http:\/\/adegavidigueira.pt\/wp-content\/uploads\/2021\/02\/A-regia\u0303o-da-Vidigueira-vinha.jpg?id=8643) !important;background-position: center !important;background-repeat: no-repeat !important;background-size: cover !important;}&#8221;][vc_column][vc_row_inner][vc_column_inner width=&#8221;1\/4&#8243;][\/vc_column_inner][vc_column_inner width=&#8221;1\/2&#8243;][\/vc_column_inner][vc_column_inner width=&#8221;1\/4&#8243;][\/vc_column_inner][\/vc_row_inner][\/vc_column][\/vc_row][vc_row full_width=&#8221;stretch_row&#8221; content_placement=&#8221;middle&#8221; css=&#8221;.vc_custom_1613060259113{background-image: url(http:\/\/adegavidigueira.pt\/wp-content\/uploads\/2021\/02\/simbolos-maritimos-8.png?id=8352) [&hellip;]","og_url":"https:\/\/adegavidigueira.pt\/en\/vidigueira-region\/","og_site_name":"Adega Vidigueira, Cuba e Alvito","article_publisher":"https:\/\/www.facebook.com\/AdegaCooperativadeVidigueira","article_modified_time":"2021-06-26T21:42:24+00:00","og_image":[{"width":1400,"height":788,"url":"https:\/\/adegavidigueira.pt\/wp-content\/uploads\/2021\/02\/Vinhas-Adega-da-Vidigueira-Cuba-e-Alvito.jpg","type":"image\/jpeg"}],"twitter_card":"summary_large_image","twitter_misc":{"Est. reading time":"8 minutes"},"schema":{"@context":"https:\/\/schema.org","@graph":[{"@type":"WebPage","@id":"https:\/\/adegavidigueira.pt\/en\/vidigueira-region\/","url":"https:\/\/adegavidigueira.pt\/en\/vidigueira-region\/","name":"Vidigueira Region - Adega Vidigueira, Cuba e Alvito","isPartOf":{"@id":"https:\/\/adegavidigueira.pt\/#website"},"primaryImageOfPage":{"@id":"https:\/\/adegavidigueira.pt\/en\/vidigueira-region\/#primaryimage"},"image":{"@id":"https:\/\/adegavidigueira.pt\/en\/vidigueira-region\/#primaryimage"},"thumbnailUrl":"https:\/\/adegavidigueira.pt\/wp-content\/uploads\/2021\/02\/Vinhas-Adega-da-Vidigueira-Cuba-e-Alvito.jpg","datePublished":"2021-06-26T21:42:22+00:00","dateModified":"2021-06-26T21:42:24+00:00","breadcrumb":{"@id":"https:\/\/adegavidigueira.pt\/en\/vidigueira-region\/#breadcrumb"},"inLanguage":"en-US","potentialAction":[{"@type":"ReadAction","target":["https:\/\/adegavidigueira.pt\/en\/vidigueira-region\/"]}]},{"@type":"ImageObject","inLanguage":"en-US","@id":"https:\/\/adegavidigueira.pt\/en\/vidigueira-region\/#primaryimage","url":"https:\/\/adegavidigueira.pt\/wp-content\/uploads\/2021\/02\/Vinhas-Adega-da-Vidigueira-Cuba-e-Alvito.jpg","contentUrl":"https:\/\/adegavidigueira.pt\/wp-content\/uploads\/2021\/02\/Vinhas-Adega-da-Vidigueira-Cuba-e-Alvito.jpg","width":1400,"height":788,"caption":"Vineyards from Adega da Vidigueira Cuba and Alvito"},{"@type":"BreadcrumbList","@id":"https:\/\/adegavidigueira.pt\/en\/vidigueira-region\/#breadcrumb","itemListElement":[{"@type":"ListItem","position":1,"name":"In\u00edcio","item":"https:\/\/adegavidigueira.pt\/en\/adega-vidigueira-cuba-e-alvito\/"},{"@type":"ListItem","position":2,"name":"Vidigueira Region"}]},{"@type":"WebSite","@id":"https:\/\/adegavidigueira.pt\/#website","url":"https:\/\/adegavidigueira.pt\/","name":"Adega Cooperativa Vidigueira, Cuba e Alvito","description":"Quando o Vinho \u00e9 uma Viagem","publisher":{"@id":"https:\/\/adegavidigueira.pt\/#organization"},"potentialAction":[{"@type":"SearchAction","target":{"@type":"EntryPoint","urlTemplate":"https:\/\/adegavidigueira.pt\/?s={search_term_string}"},"query-input":{"@type":"PropertyValueSpecification","valueRequired":true,"valueName":"search_term_string"}}],"inLanguage":"en-US"},{"@type":"Organization","@id":"https:\/\/adegavidigueira.pt\/#organization","name":"Adega Cooperativa Vidigueira, Cuba e Alvito","url":"https:\/\/adegavidigueira.pt\/","logo":{"@type":"ImageObject","inLanguage":"en-US","@id":"https:\/\/adegavidigueira.pt\/#\/schema\/logo\/image\/","url":"https:\/\/adegavidigueira.pt\/wp-content\/uploads\/2021\/06\/logotipo-acvca-horizontal-preto-200.png","contentUrl":"https:\/\/adegavidigueira.pt\/wp-content\/uploads\/2021\/06\/logotipo-acvca-horizontal-preto-200.png","width":200,"height":50,"caption":"Adega Cooperativa Vidigueira, Cuba e Alvito"},"image":{"@id":"https:\/\/adegavidigueira.pt\/#\/schema\/logo\/image\/"},"sameAs":["https:\/\/www.facebook.com\/AdegaCooperativadeVidigueira","https:\/\/www.instagram.com\/adegavidigueira\/"]}]}},"_links":{"self":[{"href":"https:\/\/adegavidigueira.pt\/en\/wp-json\/wp\/v2\/pages\/12022","targetHints":{"allow":["GET"]}}],"collection":[{"href":"https:\/\/adegavidigueira.pt\/en\/wp-json\/wp\/v2\/pages"}],"about":[{"href":"https:\/\/adegavidigueira.pt\/en\/wp-json\/wp\/v2\/types\/page"}],"author":[{"embeddable":true,"href":"https:\/\/adegavidigueira.pt\/en\/wp-json\/wp\/v2\/users\/14"}],"replies":[{"embeddable":true,"href":"https:\/\/adegavidigueira.pt\/en\/wp-json\/wp\/v2\/comments?post=12022"}],"version-history":[{"count":0,"href":"https:\/\/adegavidigueira.pt\/en\/wp-json\/wp\/v2\/pages\/12022\/revisions"}],"wp:featuredmedia":[{"embeddable":true,"href":"https:\/\/adegavidigueira.pt\/en\/wp-json\/wp\/v2\/media\/9379"}],"wp:attachment":[{"href":"https:\/\/adegavidigueira.pt\/en\/wp-json\/wp\/v2\/media?parent=12022"}],"curies":[{"name":"wp","href":"https:\/\/api.w.org\/{rel}","templated":true}]}}