{"id":15605,"date":"2022-07-19T11:41:46","date_gmt":"2022-07-19T11:41:46","guid":{"rendered":"https:\/\/adegavidigueira.pt\/casa-das-talhas\/visits-and-activities\/"},"modified":"2023-06-28T09:53:43","modified_gmt":"2023-06-28T09:53:43","slug":"visits-and-activities","status":"publish","type":"page","link":"https:\/\/adegavidigueira.pt\/en\/visits-and-activities\/","title":{"rendered":"Visits and Activities"},"content":{"rendered":"<div class=\"wpb-content-wrapper\"><p>[vc_row full_width=&#8221;stretch_row&#8221; content_placement=&#8221;middle&#8221; kd_image_overlay_color=&#8221;rgba(0,0,0,0.4)&#8221; kd_image_overlay=&#8221;true&#8221; css=&#8221;.vc_custom_1657535432113{padding-top: 200px !important;padding-bottom: 200px !important;background-image: url(http:\/\/adegavidigueira.pt\/wp-content\/uploads\/2022\/07\/visitas-atividades-acvca-tiny.jpg?id=15429) !important;background-position: center !important;background-repeat: no-repeat !important;background-size: cover !important;}&#8221;][vc_column][vc_row_inner][vc_column_inner width=&#8221;1\/4&#8243;][\/vc_column_inner][vc_column_inner width=&#8221;1\/2&#8243;]<header class=\"kd-section-title col-lg-12 text-center    \" ><h1 class=\"separator_off\" style=\"color: #ffffff;\">Visits and Activities<\/h1><\/header>[\/vc_column_inner][vc_column_inner width=&#8221;1\/4&#8243;][\/vc_column_inner][\/vc_row_inner][\/vc_column][\/vc_row][vc_row full_width=&#8221;stretch_row&#8221; equal_height=&#8221;yes&#8221; content_placement=&#8221;middle&#8221; css=&#8221;.vc_custom_1614017044806{background-image: url(http:\/\/adegavidigueira.pt\/wp-content\/uploads\/2021\/02\/ricepaper2.png?id=9224) !important;background-position: 0 0 !important;background-repeat: repeat !important;}&#8221;][vc_column offset=&#8221;vc_hidden-md vc_hidden-sm vc_hidden-xs&#8221;][vc_empty_space height=&#8221;50px&#8221;][\/vc_column][vc_column]<header class=\"kd-section-title col-lg-12 text-center    \" ><h2 class=\"separator_off\" style=\"color: #222222;\">Visiting Programs<\/h2><\/header><header class=\"kd-section-title col-lg-12 text-center    \" ><h2 class=\"separator_off\" style=\"color: #222222;\">Schedule<\/h2><\/header>[vc_column_text]<\/p>\n<p style=\"text-align: center;\">At Casa das Talhas, we value, stimulate and promote the Carved wine, an ancient art of making a wine with unique characteristics.<br \/>\nDiscover the knowledge of other times, travel back in time and relive the genuine Alentejo stripped of pretensions.[\/vc_column_text][vc_column_text]<\/p>\n<p style=\"text-align: center;\">Schedule: 10h00 | 12h00 | 14h00 | 16h00 Visits from Monday to Sunday | Holidays by appointment<\/p>\n<p>[\/vc_column_text][vc_empty_space height=&#8221;50px&#8221;][\/vc_column][\/vc_row][vc_row full_width=&#8221;stretch_row&#8221; equal_height=&#8221;yes&#8221; content_placement=&#8221;middle&#8221; css=&#8221;.vc_custom_1653296689978{background-image: url(http:\/\/adegavidigueira.pt\/wp-content\/uploads\/2021\/02\/ricepaper2.png?id=9224) !important;background-position: 0 0 !important;background-repeat: repeat !important;}&#8221;][vc_column width=&#8221;1\/2&#8243; offset=&#8221;vc_col-lg-6 vc_col-md-6&#8243;]<div id=\"ultib3-338628966969d8f9098964d\" class=\" ultb3-box ult-adjust-bottom-margin  \" style=\"\"><img decoding=\"async\" src=\"https:\/\/adegavidigueira.pt\/wp-content\/uploads\/2023\/04\/164-scaled.jpg\" style=\"\" class=\"ultb3-img ultb3-img-center\" alt=\"null\"\/><div id=\"Info-banner-wrap3047\" class=\"ultb3-info ib3-info-center\" data-animation=\"\" data-animation-delay=\"03\"><a href=\"https:\/\/adegavidigueira.pt\/casa-das-talhas\/visitas-atividades\/vinhas-centenarias\/\"  class=\"ultb3-btn ult-responsive\"  data-ultimate-target='#Info-banner-wrap3047 .ultb3-btn'  data-responsive-json-new='{\"font-size\":\"\",\"line-height\":\"\"}'  style=\"font-weight:bold;\">Centennial Vineyards<i class=\"Defaults-angle-right\"><\/i><\/a><\/div><\/div><style>\n\t\t\t\t\t#ultib3-338628966969d8f9098964d {\n\t\t\t\t\t\tmin-height:500px;\n\t\t\t\t\t}\n\t\t\t\t\t#ultib3-338628966969d8f9098964d img.ultb3-img {\n\t\t\t\t\t\theight: 500px;\n\t\t\t\t\t}\n\t\t\t\t\t#ultib3-338628966969d8f9098964d .ultb3-btn {\n\t\t\t\t\t\tborder:2px solid #ce9f2d;border-radius:50px;color:#ffffff;\n\t\t\t\t\t}\n\t\t\t\t\t#ultib3-338628966969d8f9098964d .ultb3-btn:hover {\n\t\t\t\t\t\tbackground:#ce9f2d;color:#ffffff;\n\t\t\t\t\t}\n\t\t\t\t\t#ultib3-338628966969d8f9098964d .ultb3-btn:focus {\n\t\t\t\t\t\toutline: 2px solid #005fcc;\n\t\t\t\t\t\toutline-offset: 2px;\n\t\t\t\t\t}\n\t\t\t\t<\/style><style>\n\t\t\t\t\t\t@media (min-width: 1824px) {\n\t\t\t\t\t\t\t #ultib3-338628966969d8f9098964d img.ultb3-img {\n\t\t\t\t\t\t\t\theight:500px;\n\t\t\t\t\t\t\t}\n\t\t\t\t\t\t}\n\t\t\t\t\t<\/style><style>\n\t\t\t\t\t\t@media (max-width: 1199px) {\n\t\t\t\t\t\t\t #ultib3-338628966969d8f9098964d img.ultb3-img {\n\t\t\t\t\t\t\t\theight:500px;\n\t\t\t\t\t\t\t}\n\t\t\t\t\t\t}\n\t\t\t\t\t<\/style><style>\n\t\t\t\t\t\t@media (max-width: 991px) {\n\t\t\t\t\t\t\t #ultib3-338628966969d8f9098964d img.ultb3-img {\n\t\t\t\t\t\t\t\theight:500px;\n\t\t\t\t\t\t\t}\n\t\t\t\t\t\t}\n\t\t\t\t\t<\/style><style>\n\t\t\t\t\t\t@media (max-width: 767px) {\n\t\t\t\t\t\t\t #ultib3-338628966969d8f9098964d img.ultb3-img {\n\t\t\t\t\t\t\t\theight:500px;\n\t\t\t\t\t\t\t}\n\t\t\t\t\t\t}\n\t\t\t\t\t<\/style><style>\n\t\t\t\t\t\t@media (max-width: 479px) {\n\t\t\t\t\t\t\t #ultib3-338628966969d8f9098964d img.ultb3-img {\n\t\t\t\t\t\t\t\theight:500px;\n\t\t\t\t\t\t\t}\n\t\t\t\t\t\t}\n\t\t\t\t\t<\/style><div id=\"ultib3-206759631469d8f90989935\" class=\" ultb3-box ult-adjust-bottom-margin  \" style=\"background-color: rgba(255,255,255,0.01);\"><div class=\"ultb3-box-overlay\" style=\"background:rgba(124,124,124,0.01);\"><\/div><img decoding=\"async\" src=\"https:\/\/adegavidigueira.pt\/wp-content\/uploads\/2023\/02\/fotos-de-capa-05.jpg\" style=\"\" class=\"ultb3-img ultb3-img-center\" alt=\"null\"\/><div id=\"Info-banner-wrap4770\" class=\"ultb3-info ib3-info-center\" data-animation=\"\" data-animation-delay=\"03\"><a href=\"https:\/\/adegavidigueira.pt\/casa-das-talhas\/visitas-atividades\/vinho-de-talha-experiencia\/\" title=\"Vinho de Talha Experi\u00eancia\" target=\"target=\"_blank\"\"  class=\"ultb3-btn ult-responsive\"  data-ultimate-target='#Info-banner-wrap4770 .ultb3-btn'  data-responsive-json-new='{\"font-size\":\"\",\"line-height\":\"\"}'  style=\"font-weight:bold;\">ANT\u00c3O VAZ<i class=\"Defaults-angle-right\"><\/i><\/a><\/div><\/div><style>\n\t\t\t\t\t#ultib3-206759631469d8f90989935 {\n\t\t\t\t\t\tmin-height:500px;\n\t\t\t\t\t}\n\t\t\t\t\t#ultib3-206759631469d8f90989935 img.ultb3-img {\n\t\t\t\t\t\theight: 500px;\n\t\t\t\t\t}\n\t\t\t\t\t#ultib3-206759631469d8f90989935 .ultb3-btn {\n\t\t\t\t\t\tborder:2px solid #ce9f2d;border-radius:50px;color:#ffffff;\n\t\t\t\t\t}\n\t\t\t\t\t#ultib3-206759631469d8f90989935 .ultb3-btn:hover {\n\t\t\t\t\t\tbackground:#ce9f2d;color:#ffffff;\n\t\t\t\t\t}\n\t\t\t\t\t#ultib3-206759631469d8f90989935 .ultb3-btn:focus {\n\t\t\t\t\t\toutline: 2px solid #005fcc;\n\t\t\t\t\t\toutline-offset: 2px;\n\t\t\t\t\t}\n\t\t\t\t<\/style><style>\n\t\t\t\t\t\t@media (min-width: 1824px) {\n\t\t\t\t\t\t\t #ultib3-206759631469d8f90989935 img.ultb3-img {\n\t\t\t\t\t\t\t\theight:500px;\n\t\t\t\t\t\t\t}\n\t\t\t\t\t\t}\n\t\t\t\t\t<\/style><style>\n\t\t\t\t\t\t@media (max-width: 1199px) {\n\t\t\t\t\t\t\t #ultib3-206759631469d8f90989935 img.ultb3-img {\n\t\t\t\t\t\t\t\theight:500px;\n\t\t\t\t\t\t\t}\n\t\t\t\t\t\t}\n\t\t\t\t\t<\/style><style>\n\t\t\t\t\t\t@media (max-width: 991px) {\n\t\t\t\t\t\t\t #ultib3-206759631469d8f90989935 img.ultb3-img {\n\t\t\t\t\t\t\t\theight:500px;\n\t\t\t\t\t\t\t}\n\t\t\t\t\t\t}\n\t\t\t\t\t<\/style><style>\n\t\t\t\t\t\t@media (max-width: 767px) {\n\t\t\t\t\t\t\t #ultib3-206759631469d8f90989935 img.ultb3-img {\n\t\t\t\t\t\t\t\theight:500px;\n\t\t\t\t\t\t\t}\n\t\t\t\t\t\t}\n\t\t\t\t\t<\/style><style>\n\t\t\t\t\t\t@media (max-width: 479px) {\n\t\t\t\t\t\t\t #ultib3-206759631469d8f90989935 img.ultb3-img {\n\t\t\t\t\t\t\t\theight:500px;\n\t\t\t\t\t\t\t}\n\t\t\t\t\t\t}\n\t\t\t\t\t<\/style><div id=\"ultib3-26290268869d8f90989c2d\" class=\" ultb3-box ult-adjust-bottom-margin  \" style=\"background-color: rgba(255,255,255,0.01);\"><img decoding=\"async\" src=\"https:\/\/adegavidigueira.pt\/wp-content\/uploads\/2023\/02\/fotos-de-capa-06.jpg\" style=\"\" class=\"ultb3-img ultb3-img-center\" alt=\"null\"\/><div id=\"Info-banner-wrap5648\" class=\"ultb3-info ib3-info-center\" data-animation=\"\" data-animation-delay=\"03\"><a href=\"https:\/\/adegavidigueira.pt\/casa-das-talhas\/visitas-atividades\/degustacao-experiencia\/\" title=\"Degusta\u00e7\u00e3o Experi\u00eancia\" target=\"target=\"_blank\"\"  class=\"ultb3-btn ult-responsive\"  data-ultimate-target='#Info-banner-wrap5648 .ultb3-btn'  data-responsive-json-new='{\"font-size\":\"\",\"line-height\":\"\"}'  style=\"font-weight:bold;\">PREMIUM<i class=\"Defaults-angle-right\"><\/i><\/a><\/div><\/div><style>\n\t\t\t\t\t#ultib3-26290268869d8f90989c2d {\n\t\t\t\t\t\tmin-height:500px;\n\t\t\t\t\t}\n\t\t\t\t\t#ultib3-26290268869d8f90989c2d img.ultb3-img {\n\t\t\t\t\t\theight: 500px;\n\t\t\t\t\t}\n\t\t\t\t\t#ultib3-26290268869d8f90989c2d .ultb3-btn {\n\t\t\t\t\t\tborder:2px solid #ce9f2d;border-radius:50px;color:#ffffff;\n\t\t\t\t\t}\n\t\t\t\t\t#ultib3-26290268869d8f90989c2d .ultb3-btn:hover {\n\t\t\t\t\t\tbackground:#ce9f2d;color:#ffffff;\n\t\t\t\t\t}\n\t\t\t\t\t#ultib3-26290268869d8f90989c2d .ultb3-btn:focus {\n\t\t\t\t\t\toutline: 2px solid #005fcc;\n\t\t\t\t\t\toutline-offset: 2px;\n\t\t\t\t\t}\n\t\t\t\t<\/style><style>\n\t\t\t\t\t\t@media (min-width: 1824px) {\n\t\t\t\t\t\t\t #ultib3-26290268869d8f90989c2d img.ultb3-img {\n\t\t\t\t\t\t\t\theight:500px;\n\t\t\t\t\t\t\t}\n\t\t\t\t\t\t}\n\t\t\t\t\t<\/style><style>\n\t\t\t\t\t\t@media (max-width: 1199px) {\n\t\t\t\t\t\t\t #ultib3-26290268869d8f90989c2d img.ultb3-img {\n\t\t\t\t\t\t\t\theight:500px;\n\t\t\t\t\t\t\t}\n\t\t\t\t\t\t}\n\t\t\t\t\t<\/style><style>\n\t\t\t\t\t\t@media (max-width: 991px) {\n\t\t\t\t\t\t\t #ultib3-26290268869d8f90989c2d img.ultb3-img {\n\t\t\t\t\t\t\t\theight:500px;\n\t\t\t\t\t\t\t}\n\t\t\t\t\t\t}\n\t\t\t\t\t<\/style><style>\n\t\t\t\t\t\t@media (max-width: 767px) {\n\t\t\t\t\t\t\t #ultib3-26290268869d8f90989c2d img.ultb3-img {\n\t\t\t\t\t\t\t\theight:500px;\n\t\t\t\t\t\t\t}\n\t\t\t\t\t\t}\n\t\t\t\t\t<\/style><style>\n\t\t\t\t\t\t@media (max-width: 479px) {\n\t\t\t\t\t\t\t #ultib3-26290268869d8f90989c2d img.ultb3-img {\n\t\t\t\t\t\t\t\theight:500px;\n\t\t\t\t\t\t\t}\n\t\t\t\t\t\t}\n\t\t\t\t\t<\/style>[\/vc_column][vc_column width=&#8221;1\/2&#8243; offset=&#8221;vc_col-lg-6 vc_col-md-6&#8243;]<div id=\"ultib3-268052501769d8f90989f8f\" class=\" ultb3-box ult-adjust-bottom-margin  \" style=\"background-color: rgba(255,255,255,0.01);\"><img decoding=\"async\" src=\"https:\/\/adegavidigueira.pt\/wp-content\/uploads\/2022\/05\/experiencia-adega.jpg\" style=\"\" class=\"ultb3-img ultb3-img-center\" alt=\"null\"\/><div id=\"Info-banner-wrap1364\" class=\"ultb3-info ib3-info-center\" data-animation=\"\" data-animation-delay=\"03\"><a href=\"https:\/\/adegavidigueira.pt\/casa-das-talhas\/visitas-atividades\/a-adega-experiencia\/\" title=\"Adega Experi\u00eancia\" target=\"target=\"_blank\"\"  class=\"ultb3-btn ult-responsive\"  data-ultimate-target='#Info-banner-wrap1364 .ultb3-btn'  data-responsive-json-new='{\"font-size\":\"\",\"line-height\":\"\"}'  style=\"font-weight:bold;\">Adega<i class=\"Defaults-angle-right\"><\/i><\/a><\/div><\/div><style>\n\t\t\t\t\t#ultib3-268052501769d8f90989f8f {\n\t\t\t\t\t\tmin-height:500px;\n\t\t\t\t\t}\n\t\t\t\t\t#ultib3-268052501769d8f90989f8f img.ultb3-img {\n\t\t\t\t\t\theight: 500px;\n\t\t\t\t\t}\n\t\t\t\t\t#ultib3-268052501769d8f90989f8f .ultb3-btn {\n\t\t\t\t\t\tborder:2px solid #ce9f2d;border-radius:50px;color:#ffffff;\n\t\t\t\t\t}\n\t\t\t\t\t#ultib3-268052501769d8f90989f8f .ultb3-btn:hover {\n\t\t\t\t\t\tbackground:#ce9f2d;color:#ffffff;\n\t\t\t\t\t}\n\t\t\t\t\t#ultib3-268052501769d8f90989f8f .ultb3-btn:focus {\n\t\t\t\t\t\toutline: 2px solid #005fcc;\n\t\t\t\t\t\toutline-offset: 2px;\n\t\t\t\t\t}\n\t\t\t\t<\/style><style>\n\t\t\t\t\t\t@media (min-width: 1824px) {\n\t\t\t\t\t\t\t #ultib3-268052501769d8f90989f8f img.ultb3-img {\n\t\t\t\t\t\t\t\theight:500px;\n\t\t\t\t\t\t\t}\n\t\t\t\t\t\t}\n\t\t\t\t\t<\/style><style>\n\t\t\t\t\t\t@media (max-width: 1199px) {\n\t\t\t\t\t\t\t #ultib3-268052501769d8f90989f8f img.ultb3-img {\n\t\t\t\t\t\t\t\theight:500px;\n\t\t\t\t\t\t\t}\n\t\t\t\t\t\t}\n\t\t\t\t\t<\/style><style>\n\t\t\t\t\t\t@media (max-width: 991px) {\n\t\t\t\t\t\t\t #ultib3-268052501769d8f90989f8f img.ultb3-img {\n\t\t\t\t\t\t\t\theight:500px;\n\t\t\t\t\t\t\t}\n\t\t\t\t\t\t}\n\t\t\t\t\t<\/style><style>\n\t\t\t\t\t\t@media (max-width: 767px) {\n\t\t\t\t\t\t\t #ultib3-268052501769d8f90989f8f img.ultb3-img {\n\t\t\t\t\t\t\t\theight:500px;\n\t\t\t\t\t\t\t}\n\t\t\t\t\t\t}\n\t\t\t\t\t<\/style><style>\n\t\t\t\t\t\t@media (max-width: 479px) {\n\t\t\t\t\t\t\t #ultib3-268052501769d8f90989f8f img.ultb3-img {\n\t\t\t\t\t\t\t\theight:500px;\n\t\t\t\t\t\t\t}\n\t\t\t\t\t\t}\n\t\t\t\t\t<\/style><div id=\"ultib3-255927494069d8f9098a214\" class=\" ultb3-box ult-adjust-bottom-margin  \" style=\"background-color: rgba(255,255,255,0.01);\"><img decoding=\"async\" src=\"https:\/\/adegavidigueira.pt\/wp-content\/uploads\/2023\/02\/fotos-de-capa_Prancheta-1.jpg\" style=\"\" class=\"ultb3-img ultb3-img-center\" alt=\"null\"\/><div id=\"Info-banner-wrap9675\" class=\"ultb3-info ib3-info-center\" data-animation=\"\" data-animation-delay=\"03\"><a href=\"https:\/\/adegavidigueira.pt\/casa-das-talhas\/visitas-atividades\/a-alentejana-experiencia\/\" title=\"\u00c0 Alentejana Experi\u00eancia\" target=\"target=\"_blank\"\"  class=\"ultb3-btn ult-responsive\"  data-ultimate-target='#Info-banner-wrap9675 .ultb3-btn'  data-responsive-json-new='{\"font-size\":\"\",\"line-height\":\"\"}'  style=\"font-weight:bold;\">Group Menus<i class=\"Defaults-angle-right\"><\/i><\/a><\/div><\/div><style>\n\t\t\t\t\t#ultib3-255927494069d8f9098a214 {\n\t\t\t\t\t\tmin-height:500px;\n\t\t\t\t\t}\n\t\t\t\t\t#ultib3-255927494069d8f9098a214 img.ultb3-img {\n\t\t\t\t\t\theight: 500px;\n\t\t\t\t\t}\n\t\t\t\t\t#ultib3-255927494069d8f9098a214 .ultb3-btn {\n\t\t\t\t\t\tborder:2px solid #ce9f2d;border-radius:50px;color:#ffffff;\n\t\t\t\t\t}\n\t\t\t\t\t#ultib3-255927494069d8f9098a214 .ultb3-btn:hover {\n\t\t\t\t\t\tbackground:#ce9f2d;color:#ffffff;\n\t\t\t\t\t}\n\t\t\t\t\t#ultib3-255927494069d8f9098a214 .ultb3-btn:focus {\n\t\t\t\t\t\toutline: 2px solid #005fcc;\n\t\t\t\t\t\toutline-offset: 2px;\n\t\t\t\t\t}\n\t\t\t\t<\/style><style>\n\t\t\t\t\t\t@media (min-width: 1824px) {\n\t\t\t\t\t\t\t #ultib3-255927494069d8f9098a214 img.ultb3-img {\n\t\t\t\t\t\t\t\theight:500px;\n\t\t\t\t\t\t\t}\n\t\t\t\t\t\t}\n\t\t\t\t\t<\/style><style>\n\t\t\t\t\t\t@media (max-width: 1199px) {\n\t\t\t\t\t\t\t #ultib3-255927494069d8f9098a214 img.ultb3-img {\n\t\t\t\t\t\t\t\theight:500px;\n\t\t\t\t\t\t\t}\n\t\t\t\t\t\t}\n\t\t\t\t\t<\/style><style>\n\t\t\t\t\t\t@media (max-width: 991px) {\n\t\t\t\t\t\t\t #ultib3-255927494069d8f9098a214 img.ultb3-img {\n\t\t\t\t\t\t\t\theight:500px;\n\t\t\t\t\t\t\t}\n\t\t\t\t\t\t}\n\t\t\t\t\t<\/style><style>\n\t\t\t\t\t\t@media (max-width: 767px) {\n\t\t\t\t\t\t\t #ultib3-255927494069d8f9098a214 img.ultb3-img {\n\t\t\t\t\t\t\t\theight:500px;\n\t\t\t\t\t\t\t}\n\t\t\t\t\t\t}\n\t\t\t\t\t<\/style><style>\n\t\t\t\t\t\t@media (max-width: 479px) {\n\t\t\t\t\t\t\t #ultib3-255927494069d8f9098a214 img.ultb3-img {\n\t\t\t\t\t\t\t\theight:500px;\n\t\t\t\t\t\t\t}\n\t\t\t\t\t\t}\n\t\t\t\t\t<\/style>[\/vc_column][\/vc_row]<\/p>\n<\/div>","protected":false},"excerpt":{"rendered":"<p>[vc_row full_width=&#8221;stretch_row&#8221; content_placement=&#8221;middle&#8221; kd_image_overlay_color=&#8221;rgba(0,0,0,0.4)&#8221; kd_image_overlay=&#8221;true&#8221; css=&#8221;.vc_custom_1657535432113{padding-top: 200px !important;padding-bottom: 200px !important;background-image: url(http:\/\/adegavidigueira.pt\/wp-content\/uploads\/2022\/07\/visitas-atividades-acvca-tiny.jpg?id=15429) !important;background-position: center !important;background-repeat: no-repeat !important;background-size: cover !important;}&#8221;][vc_column][vc_row_inner][vc_column_inner width=&#8221;1\/4&#8243;][\/vc_column_inner][vc_column_inner width=&#8221;1\/2&#8243;][\/vc_column_inner][vc_column_inner width=&#8221;1\/4&#8243;][\/vc_column_inner][\/vc_row_inner][\/vc_column][\/vc_row][vc_row full_width=&#8221;stretch_row&#8221; equal_height=&#8221;yes&#8221; content_placement=&#8221;middle&#8221; css=&#8221;.vc_custom_1614017044806{background-image: [&hellip;]<\/p>\n","protected":false},"author":14,"featured_media":0,"parent":0,"menu_order":0,"comment_status":"closed","ping_status":"closed","template":"","meta":{"inline_featured_image":false,"_joinchat":[],"footnotes":""},"class_list":["post-15605","page","type-page","status-publish","hentry"],"yoast_head":"<!-- This site is optimized with the Yoast SEO plugin v27.3 - https:\/\/yoast.com\/product\/yoast-seo-wordpress\/ -->\n<title>Visits and Activities - Adega Vidigueira, Cuba e Alvito<\/title>\n<meta name=\"robots\" content=\"index, follow, max-snippet:-1, max-image-preview:large, max-video-preview:-1\" \/>\n<link rel=\"canonical\" href=\"https:\/\/adegavidigueira.pt\/en\/visits-and-activities\/\" \/>\n<meta property=\"og:locale\" content=\"en_US\" \/>\n<meta property=\"og:type\" content=\"article\" \/>\n<meta property=\"og:title\" content=\"Visits and Activities - Adega Vidigueira, Cuba e Alvito\" \/>\n<meta property=\"og:description\" content=\"[vc_row full_width=&#8221;stretch_row&#8221; content_placement=&#8221;middle&#8221; kd_image_overlay_color=&#8221;rgba(0,0,0,0.4)&#8221; kd_image_overlay=&#8221;true&#8221; css=&#8221;.vc_custom_1657535432113{padding-top: 200px !important;padding-bottom: 200px !important;background-image: url(http:\/\/adegavidigueira.pt\/wp-content\/uploads\/2022\/07\/visitas-atividades-acvca-tiny.jpg?id=15429) !important;background-position: center !important;background-repeat: no-repeat !important;background-size: cover !important;}&#8221;][vc_column][vc_row_inner][vc_column_inner width=&#8221;1\/4&#8243;][\/vc_column_inner][vc_column_inner width=&#8221;1\/2&#8243;][\/vc_column_inner][vc_column_inner width=&#8221;1\/4&#8243;][\/vc_column_inner][\/vc_row_inner][\/vc_column][\/vc_row][vc_row full_width=&#8221;stretch_row&#8221; equal_height=&#8221;yes&#8221; content_placement=&#8221;middle&#8221; css=&#8221;.vc_custom_1614017044806{background-image: [&hellip;]\" \/>\n<meta property=\"og:url\" content=\"https:\/\/adegavidigueira.pt\/en\/visits-and-activities\/\" \/>\n<meta property=\"og:site_name\" content=\"Adega Vidigueira, Cuba e Alvito\" \/>\n<meta property=\"article:publisher\" content=\"https:\/\/www.facebook.com\/AdegaCooperativadeVidigueira\" \/>\n<meta property=\"article:modified_time\" content=\"2023-06-28T09:53:43+00:00\" \/>\n<meta name=\"twitter:card\" content=\"summary_large_image\" \/>\n<meta name=\"twitter:label1\" content=\"Est. reading time\" \/>\n\t<meta name=\"twitter:data1\" content=\"4 minutes\" \/>\n<script type=\"application\/ld+json\" class=\"yoast-schema-graph\">{\"@context\":\"https:\\\/\\\/schema.org\",\"@graph\":[{\"@type\":\"WebPage\",\"@id\":\"https:\\\/\\\/adegavidigueira.pt\\\/en\\\/visits-and-activities\\\/\",\"url\":\"https:\\\/\\\/adegavidigueira.pt\\\/en\\\/visits-and-activities\\\/\",\"name\":\"Visits and Activities - Adega Vidigueira, Cuba e Alvito\",\"isPartOf\":{\"@id\":\"https:\\\/\\\/adegavidigueira.pt\\\/#website\"},\"datePublished\":\"2022-07-19T11:41:46+00:00\",\"dateModified\":\"2023-06-28T09:53:43+00:00\",\"breadcrumb\":{\"@id\":\"https:\\\/\\\/adegavidigueira.pt\\\/en\\\/visits-and-activities\\\/#breadcrumb\"},\"inLanguage\":\"en-US\",\"potentialAction\":[{\"@type\":\"ReadAction\",\"target\":[\"https:\\\/\\\/adegavidigueira.pt\\\/en\\\/visits-and-activities\\\/\"]}]},{\"@type\":\"BreadcrumbList\",\"@id\":\"https:\\\/\\\/adegavidigueira.pt\\\/en\\\/visits-and-activities\\\/#breadcrumb\",\"itemListElement\":[{\"@type\":\"ListItem\",\"position\":1,\"name\":\"In\u00edcio\",\"item\":\"https:\\\/\\\/adegavidigueira.pt\\\/en\\\/adega-vidigueira-cuba-e-alvito\\\/\"},{\"@type\":\"ListItem\",\"position\":2,\"name\":\"Visits and Activities\"}]},{\"@type\":\"WebSite\",\"@id\":\"https:\\\/\\\/adegavidigueira.pt\\\/#website\",\"url\":\"https:\\\/\\\/adegavidigueira.pt\\\/\",\"name\":\"Adega Cooperativa Vidigueira, Cuba e Alvito\",\"description\":\"Quando o Vinho \u00e9 uma Viagem\",\"publisher\":{\"@id\":\"https:\\\/\\\/adegavidigueira.pt\\\/#organization\"},\"potentialAction\":[{\"@type\":\"SearchAction\",\"target\":{\"@type\":\"EntryPoint\",\"urlTemplate\":\"https:\\\/\\\/adegavidigueira.pt\\\/?s={search_term_string}\"},\"query-input\":{\"@type\":\"PropertyValueSpecification\",\"valueRequired\":true,\"valueName\":\"search_term_string\"}}],\"inLanguage\":\"en-US\"},{\"@type\":\"Organization\",\"@id\":\"https:\\\/\\\/adegavidigueira.pt\\\/#organization\",\"name\":\"Adega Cooperativa Vidigueira, Cuba e Alvito\",\"url\":\"https:\\\/\\\/adegavidigueira.pt\\\/\",\"logo\":{\"@type\":\"ImageObject\",\"inLanguage\":\"en-US\",\"@id\":\"https:\\\/\\\/adegavidigueira.pt\\\/#\\\/schema\\\/logo\\\/image\\\/\",\"url\":\"https:\\\/\\\/adegavidigueira.pt\\\/wp-content\\\/uploads\\\/2021\\\/06\\\/logotipo-acvca-horizontal-preto-200.png\",\"contentUrl\":\"https:\\\/\\\/adegavidigueira.pt\\\/wp-content\\\/uploads\\\/2021\\\/06\\\/logotipo-acvca-horizontal-preto-200.png\",\"width\":200,\"height\":50,\"caption\":\"Adega Cooperativa Vidigueira, Cuba e Alvito\"},\"image\":{\"@id\":\"https:\\\/\\\/adegavidigueira.pt\\\/#\\\/schema\\\/logo\\\/image\\\/\"},\"sameAs\":[\"https:\\\/\\\/www.facebook.com\\\/AdegaCooperativadeVidigueira\",\"https:\\\/\\\/www.instagram.com\\\/adegavidigueira\\\/\"]}]}<\/script>\n<!-- \/ Yoast SEO plugin. -->","yoast_head_json":{"title":"Visits and Activities - Adega Vidigueira, Cuba e Alvito","robots":{"index":"index","follow":"follow","max-snippet":"max-snippet:-1","max-image-preview":"max-image-preview:large","max-video-preview":"max-video-preview:-1"},"canonical":"https:\/\/adegavidigueira.pt\/en\/visits-and-activities\/","og_locale":"en_US","og_type":"article","og_title":"Visits and Activities - Adega Vidigueira, Cuba e Alvito","og_description":"[vc_row full_width=&#8221;stretch_row&#8221; content_placement=&#8221;middle&#8221; kd_image_overlay_color=&#8221;rgba(0,0,0,0.4)&#8221; kd_image_overlay=&#8221;true&#8221; css=&#8221;.vc_custom_1657535432113{padding-top: 200px !important;padding-bottom: 200px !important;background-image: url(http:\/\/adegavidigueira.pt\/wp-content\/uploads\/2022\/07\/visitas-atividades-acvca-tiny.jpg?id=15429) !important;background-position: center !important;background-repeat: no-repeat !important;background-size: cover !important;}&#8221;][vc_column][vc_row_inner][vc_column_inner width=&#8221;1\/4&#8243;][\/vc_column_inner][vc_column_inner width=&#8221;1\/2&#8243;][\/vc_column_inner][vc_column_inner width=&#8221;1\/4&#8243;][\/vc_column_inner][\/vc_row_inner][\/vc_column][\/vc_row][vc_row full_width=&#8221;stretch_row&#8221; equal_height=&#8221;yes&#8221; content_placement=&#8221;middle&#8221; css=&#8221;.vc_custom_1614017044806{background-image: [&hellip;]","og_url":"https:\/\/adegavidigueira.pt\/en\/visits-and-activities\/","og_site_name":"Adega Vidigueira, Cuba e Alvito","article_publisher":"https:\/\/www.facebook.com\/AdegaCooperativadeVidigueira","article_modified_time":"2023-06-28T09:53:43+00:00","twitter_card":"summary_large_image","twitter_misc":{"Est. reading time":"4 minutes"},"schema":{"@context":"https:\/\/schema.org","@graph":[{"@type":"WebPage","@id":"https:\/\/adegavidigueira.pt\/en\/visits-and-activities\/","url":"https:\/\/adegavidigueira.pt\/en\/visits-and-activities\/","name":"Visits and Activities - Adega Vidigueira, Cuba e Alvito","isPartOf":{"@id":"https:\/\/adegavidigueira.pt\/#website"},"datePublished":"2022-07-19T11:41:46+00:00","dateModified":"2023-06-28T09:53:43+00:00","breadcrumb":{"@id":"https:\/\/adegavidigueira.pt\/en\/visits-and-activities\/#breadcrumb"},"inLanguage":"en-US","potentialAction":[{"@type":"ReadAction","target":["https:\/\/adegavidigueira.pt\/en\/visits-and-activities\/"]}]},{"@type":"BreadcrumbList","@id":"https:\/\/adegavidigueira.pt\/en\/visits-and-activities\/#breadcrumb","itemListElement":[{"@type":"ListItem","position":1,"name":"In\u00edcio","item":"https:\/\/adegavidigueira.pt\/en\/adega-vidigueira-cuba-e-alvito\/"},{"@type":"ListItem","position":2,"name":"Visits and Activities"}]},{"@type":"WebSite","@id":"https:\/\/adegavidigueira.pt\/#website","url":"https:\/\/adegavidigueira.pt\/","name":"Adega Cooperativa Vidigueira, Cuba e Alvito","description":"Quando o Vinho \u00e9 uma Viagem","publisher":{"@id":"https:\/\/adegavidigueira.pt\/#organization"},"potentialAction":[{"@type":"SearchAction","target":{"@type":"EntryPoint","urlTemplate":"https:\/\/adegavidigueira.pt\/?s={search_term_string}"},"query-input":{"@type":"PropertyValueSpecification","valueRequired":true,"valueName":"search_term_string"}}],"inLanguage":"en-US"},{"@type":"Organization","@id":"https:\/\/adegavidigueira.pt\/#organization","name":"Adega Cooperativa Vidigueira, Cuba e Alvito","url":"https:\/\/adegavidigueira.pt\/","logo":{"@type":"ImageObject","inLanguage":"en-US","@id":"https:\/\/adegavidigueira.pt\/#\/schema\/logo\/image\/","url":"https:\/\/adegavidigueira.pt\/wp-content\/uploads\/2021\/06\/logotipo-acvca-horizontal-preto-200.png","contentUrl":"https:\/\/adegavidigueira.pt\/wp-content\/uploads\/2021\/06\/logotipo-acvca-horizontal-preto-200.png","width":200,"height":50,"caption":"Adega Cooperativa Vidigueira, Cuba e Alvito"},"image":{"@id":"https:\/\/adegavidigueira.pt\/#\/schema\/logo\/image\/"},"sameAs":["https:\/\/www.facebook.com\/AdegaCooperativadeVidigueira","https:\/\/www.instagram.com\/adegavidigueira\/"]}]}},"_links":{"self":[{"href":"https:\/\/adegavidigueira.pt\/en\/wp-json\/wp\/v2\/pages\/15605","targetHints":{"allow":["GET"]}}],"collection":[{"href":"https:\/\/adegavidigueira.pt\/en\/wp-json\/wp\/v2\/pages"}],"about":[{"href":"https:\/\/adegavidigueira.pt\/en\/wp-json\/wp\/v2\/types\/page"}],"author":[{"embeddable":true,"href":"https:\/\/adegavidigueira.pt\/en\/wp-json\/wp\/v2\/users\/14"}],"replies":[{"embeddable":true,"href":"https:\/\/adegavidigueira.pt\/en\/wp-json\/wp\/v2\/comments?post=15605"}],"version-history":[{"count":0,"href":"https:\/\/adegavidigueira.pt\/en\/wp-json\/wp\/v2\/pages\/15605\/revisions"}],"wp:attachment":[{"href":"https:\/\/adegavidigueira.pt\/en\/wp-json\/wp\/v2\/media?parent=15605"}],"curies":[{"name":"wp","href":"https:\/\/api.w.org\/{rel}","templated":true}]}}