{"id":12217,"date":"2020-10-23T16:17:38","date_gmt":"2020-10-23T16:17:38","guid":{"rendered":"https:\/\/adegavidigueira.pt\/loja\/uncategorized\/talha-vidigueira-pack\/"},"modified":"2025-11-10T12:18:22","modified_gmt":"2025-11-10T12:18:22","slug":"talha-vidigueira-pack","status":"publish","type":"product","link":"https:\/\/adegavidigueira.pt\/en\/loja\/pack-baskets\/talha-vidigueira-pack\/","title":{"rendered":"Talha Vidigueira Pack"},"content":{"rendered":"<p>Pack 3 units in a personalized wooden box with the Adega Cooperativa de Vidigueira, Cuba and Alvito logo.<\/p>\n<p>The grapes that gave rise to this Talha Wine come from only 6 ha of vineyards, owned by Adega members who made them available for this project. All are unanimous in revealing their \u00abhigh pride and expectation\u00bb for seeing their work rewarded, as they delivered grapes from the traditional white varieties: Ant\u00e3o Vaz, Roupeiro, Mante\u00fado, Diagalves, Lari\u00e3o and Perrum, some of which are almost extinct.<\/p>\n<p>The carved wine produced at the Adega Cooperativa de Vidigueira, Cuba and Alvito is the result of the recovery of traditional wine production techniques that have evolved in Alentejo over the last 2,000 years. For its production are used only the indicated varieties that come from centenary vines, with very small productions, but whose bunches have a refined and unusual quality. Its transformation is made in clay pots picked, using traditional techniques and times.<\/p>\n<p>An authentic, unique, intense and traditional wine for the modern consumer who wants to achieve differentiating experiences.<\/p>\n","protected":false},"excerpt":{"rendered":"<p>Pack 3 units of 0.75 lt in a personalized wooden box with the Adega Cooperativa de Vidigueira, Cuba and Alvito logo.<\/p>\n<p>Vidigueira &#8211; Talha DOC Alentejo is a wine produced from grapes from centuries-old vines, with very low yields, but whose bunches have a refined and unusual quality. This is a unique wine, intense and full of personality.<\/p>\n","protected":false},"featured_media":10680,"comment_status":"open","ping_status":"closed","template":"","meta":{"inline_featured_image":false,"_joinchat":[]},"product_brand":[],"product_cat":[288],"product_tag":[],"class_list":{"0":"post-12217","1":"product","2":"type-product","3":"status-publish","4":"has-post-thumbnail","6":"product_cat-pack-baskets","7":"product_shipping_class-free-shipping","9":"first","10":"instock","11":"taxable","12":"shipping-taxable","13":"purchasable","14":"product-type-simple"},"yoast_head":"<!-- This site is optimized with the Yoast SEO plugin v27.3 - https:\/\/yoast.com\/product\/yoast-seo-wordpress\/ -->\n<title>Talha Vidigueira Pack - Adega Vidigueira, Cuba e Alvito<\/title>\n<meta name=\"robots\" content=\"index, follow, max-snippet:-1, max-image-preview:large, max-video-preview:-1\" \/>\n<link rel=\"canonical\" href=\"https:\/\/adegavidigueira.pt\/loja\/packs-cabazes\/pack-vidigueira-talha\/\" \/>\n<meta property=\"og:locale\" content=\"en_US\" \/>\n<meta property=\"og:type\" content=\"article\" \/>\n<meta property=\"og:title\" content=\"Talha Vidigueira Pack - Adega Vidigueira, Cuba e Alvito\" \/>\n<meta property=\"og:description\" content=\"Pack 3 units of 0.75 lt in a personalized wooden box with the Adega Cooperativa de Vidigueira, Cuba and Alvito logo.  Vidigueira - Talha DOC Alentejo is a wine produced from grapes from centuries-old vines, with very low yields, but whose bunches have a refined and unusual quality. This is a unique wine, intense and full of personality.\" \/>\n<meta property=\"og:url\" content=\"https:\/\/adegavidigueira.pt\/loja\/packs-cabazes\/pack-vidigueira-talha\/\" \/>\n<meta property=\"og:site_name\" content=\"Adega Vidigueira, Cuba e Alvito\" \/>\n<meta property=\"article:publisher\" content=\"https:\/\/www.facebook.com\/AdegaCooperativadeVidigueira\" \/>\n<meta property=\"article:modified_time\" content=\"2025-11-10T12:18:22+00:00\" \/>\n<meta name=\"twitter:card\" content=\"summary_large_image\" \/>\n<meta name=\"twitter:label1\" content=\"Est. reading time\" \/>\n\t<meta name=\"twitter:data1\" content=\"1 minute\" \/>\n<script type=\"application\/ld+json\" class=\"yoast-schema-graph\">{\"@context\":\"https:\\\/\\\/schema.org\",\"@graph\":[{\"@type\":\"WebPage\",\"@id\":\"https:\\\/\\\/adegavidigueira.pt\\\/loja\\\/packs-cabazes\\\/pack-vidigueira-talha\\\/\",\"url\":\"https:\\\/\\\/adegavidigueira.pt\\\/loja\\\/packs-cabazes\\\/pack-vidigueira-talha\\\/\",\"name\":\"Talha Vidigueira Pack - Adega Vidigueira, Cuba e Alvito\",\"isPartOf\":{\"@id\":\"https:\\\/\\\/adegavidigueira.pt\\\/#website\"},\"primaryImageOfPage\":{\"@id\":\"https:\\\/\\\/adegavidigueira.pt\\\/loja\\\/packs-cabazes\\\/pack-vidigueira-talha\\\/#primaryimage\"},\"image\":{\"@id\":\"https:\\\/\\\/adegavidigueira.pt\\\/loja\\\/packs-cabazes\\\/pack-vidigueira-talha\\\/#primaryimage\"},\"thumbnailUrl\":\"https:\\\/\\\/adegavidigueira.pt\\\/wp-content\\\/uploads\\\/2020\\\/10\\\/pack-vidigueira-talha-vinho-alentejano.jpg\",\"datePublished\":\"2020-10-23T16:17:38+00:00\",\"dateModified\":\"2025-11-10T12:18:22+00:00\",\"breadcrumb\":{\"@id\":\"https:\\\/\\\/adegavidigueira.pt\\\/loja\\\/packs-cabazes\\\/pack-vidigueira-talha\\\/#breadcrumb\"},\"inLanguage\":\"en-US\",\"potentialAction\":[{\"@type\":\"ReadAction\",\"target\":[\"https:\\\/\\\/adegavidigueira.pt\\\/loja\\\/packs-cabazes\\\/pack-vidigueira-talha\\\/\"]}]},{\"@type\":\"ImageObject\",\"inLanguage\":\"en-US\",\"@id\":\"https:\\\/\\\/adegavidigueira.pt\\\/loja\\\/packs-cabazes\\\/pack-vidigueira-talha\\\/#primaryimage\",\"url\":\"https:\\\/\\\/adegavidigueira.pt\\\/wp-content\\\/uploads\\\/2020\\\/10\\\/pack-vidigueira-talha-vinho-alentejano.jpg\",\"contentUrl\":\"https:\\\/\\\/adegavidigueira.pt\\\/wp-content\\\/uploads\\\/2020\\\/10\\\/pack-vidigueira-talha-vinho-alentejano.jpg\",\"width\":850,\"height\":850,\"caption\":\"pack vidigueira talha vinho alentejano\"},{\"@type\":\"BreadcrumbList\",\"@id\":\"https:\\\/\\\/adegavidigueira.pt\\\/loja\\\/packs-cabazes\\\/pack-vidigueira-talha\\\/#breadcrumb\",\"itemListElement\":[{\"@type\":\"ListItem\",\"position\":1,\"name\":\"In\u00edcio\",\"item\":\"https:\\\/\\\/adegavidigueira.pt\\\/en\\\/adega-vidigueira-cuba-e-alvito\\\/\"},{\"@type\":\"ListItem\",\"position\":2,\"name\":\"Shop\",\"item\":\"https:\\\/\\\/adegavidigueira.pt\\\/en\\\/store\\\/\"},{\"@type\":\"ListItem\",\"position\":3,\"name\":\"Talha Vidigueira Pack\"}]},{\"@type\":\"WebSite\",\"@id\":\"https:\\\/\\\/adegavidigueira.pt\\\/#website\",\"url\":\"https:\\\/\\\/adegavidigueira.pt\\\/\",\"name\":\"Adega Cooperativa Vidigueira, Cuba e Alvito\",\"description\":\"Quando o Vinho \u00e9 uma Viagem\",\"publisher\":{\"@id\":\"https:\\\/\\\/adegavidigueira.pt\\\/#organization\"},\"potentialAction\":[{\"@type\":\"SearchAction\",\"target\":{\"@type\":\"EntryPoint\",\"urlTemplate\":\"https:\\\/\\\/adegavidigueira.pt\\\/?s={search_term_string}\"},\"query-input\":{\"@type\":\"PropertyValueSpecification\",\"valueRequired\":true,\"valueName\":\"search_term_string\"}}],\"inLanguage\":\"en-US\"},{\"@type\":\"Organization\",\"@id\":\"https:\\\/\\\/adegavidigueira.pt\\\/#organization\",\"name\":\"Adega Cooperativa Vidigueira, Cuba e Alvito\",\"url\":\"https:\\\/\\\/adegavidigueira.pt\\\/\",\"logo\":{\"@type\":\"ImageObject\",\"inLanguage\":\"en-US\",\"@id\":\"https:\\\/\\\/adegavidigueira.pt\\\/#\\\/schema\\\/logo\\\/image\\\/\",\"url\":\"https:\\\/\\\/adegavidigueira.pt\\\/wp-content\\\/uploads\\\/2021\\\/06\\\/logotipo-acvca-horizontal-preto-200.png\",\"contentUrl\":\"https:\\\/\\\/adegavidigueira.pt\\\/wp-content\\\/uploads\\\/2021\\\/06\\\/logotipo-acvca-horizontal-preto-200.png\",\"width\":200,\"height\":50,\"caption\":\"Adega Cooperativa Vidigueira, Cuba e Alvito\"},\"image\":{\"@id\":\"https:\\\/\\\/adegavidigueira.pt\\\/#\\\/schema\\\/logo\\\/image\\\/\"},\"sameAs\":[\"https:\\\/\\\/www.facebook.com\\\/AdegaCooperativadeVidigueira\",\"https:\\\/\\\/www.instagram.com\\\/adegavidigueira\\\/\"]}]}<\/script>\n<!-- \/ Yoast SEO plugin. -->","yoast_head_json":{"title":"Talha Vidigueira Pack - Adega Vidigueira, Cuba e Alvito","robots":{"index":"index","follow":"follow","max-snippet":"max-snippet:-1","max-image-preview":"max-image-preview:large","max-video-preview":"max-video-preview:-1"},"canonical":"https:\/\/adegavidigueira.pt\/loja\/packs-cabazes\/pack-vidigueira-talha\/","og_locale":"en_US","og_type":"article","og_title":"Talha Vidigueira Pack - Adega Vidigueira, Cuba e Alvito","og_description":"Pack 3 units of 0.75 lt in a personalized wooden box with the Adega Cooperativa de Vidigueira, Cuba and Alvito logo.  Vidigueira - Talha DOC Alentejo is a wine produced from grapes from centuries-old vines, with very low yields, but whose bunches have a refined and unusual quality. This is a unique wine, intense and full of personality.","og_url":"https:\/\/adegavidigueira.pt\/loja\/packs-cabazes\/pack-vidigueira-talha\/","og_site_name":"Adega Vidigueira, Cuba e Alvito","article_publisher":"https:\/\/www.facebook.com\/AdegaCooperativadeVidigueira","article_modified_time":"2025-11-10T12:18:22+00:00","twitter_card":"summary_large_image","twitter_misc":{"Est. reading time":"1 minute"},"schema":{"@context":"https:\/\/schema.org","@graph":[{"@type":"WebPage","@id":"https:\/\/adegavidigueira.pt\/loja\/packs-cabazes\/pack-vidigueira-talha\/","url":"https:\/\/adegavidigueira.pt\/loja\/packs-cabazes\/pack-vidigueira-talha\/","name":"Talha Vidigueira Pack - Adega Vidigueira, Cuba e Alvito","isPartOf":{"@id":"https:\/\/adegavidigueira.pt\/#website"},"primaryImageOfPage":{"@id":"https:\/\/adegavidigueira.pt\/loja\/packs-cabazes\/pack-vidigueira-talha\/#primaryimage"},"image":{"@id":"https:\/\/adegavidigueira.pt\/loja\/packs-cabazes\/pack-vidigueira-talha\/#primaryimage"},"thumbnailUrl":"https:\/\/adegavidigueira.pt\/wp-content\/uploads\/2020\/10\/pack-vidigueira-talha-vinho-alentejano.jpg","datePublished":"2020-10-23T16:17:38+00:00","dateModified":"2025-11-10T12:18:22+00:00","breadcrumb":{"@id":"https:\/\/adegavidigueira.pt\/loja\/packs-cabazes\/pack-vidigueira-talha\/#breadcrumb"},"inLanguage":"en-US","potentialAction":[{"@type":"ReadAction","target":["https:\/\/adegavidigueira.pt\/loja\/packs-cabazes\/pack-vidigueira-talha\/"]}]},{"@type":"ImageObject","inLanguage":"en-US","@id":"https:\/\/adegavidigueira.pt\/loja\/packs-cabazes\/pack-vidigueira-talha\/#primaryimage","url":"https:\/\/adegavidigueira.pt\/wp-content\/uploads\/2020\/10\/pack-vidigueira-talha-vinho-alentejano.jpg","contentUrl":"https:\/\/adegavidigueira.pt\/wp-content\/uploads\/2020\/10\/pack-vidigueira-talha-vinho-alentejano.jpg","width":850,"height":850,"caption":"pack vidigueira talha vinho alentejano"},{"@type":"BreadcrumbList","@id":"https:\/\/adegavidigueira.pt\/loja\/packs-cabazes\/pack-vidigueira-talha\/#breadcrumb","itemListElement":[{"@type":"ListItem","position":1,"name":"In\u00edcio","item":"https:\/\/adegavidigueira.pt\/en\/adega-vidigueira-cuba-e-alvito\/"},{"@type":"ListItem","position":2,"name":"Shop","item":"https:\/\/adegavidigueira.pt\/en\/store\/"},{"@type":"ListItem","position":3,"name":"Talha Vidigueira Pack"}]},{"@type":"WebSite","@id":"https:\/\/adegavidigueira.pt\/#website","url":"https:\/\/adegavidigueira.pt\/","name":"Adega Cooperativa Vidigueira, Cuba e Alvito","description":"Quando o Vinho \u00e9 uma Viagem","publisher":{"@id":"https:\/\/adegavidigueira.pt\/#organization"},"potentialAction":[{"@type":"SearchAction","target":{"@type":"EntryPoint","urlTemplate":"https:\/\/adegavidigueira.pt\/?s={search_term_string}"},"query-input":{"@type":"PropertyValueSpecification","valueRequired":true,"valueName":"search_term_string"}}],"inLanguage":"en-US"},{"@type":"Organization","@id":"https:\/\/adegavidigueira.pt\/#organization","name":"Adega Cooperativa Vidigueira, Cuba e Alvito","url":"https:\/\/adegavidigueira.pt\/","logo":{"@type":"ImageObject","inLanguage":"en-US","@id":"https:\/\/adegavidigueira.pt\/#\/schema\/logo\/image\/","url":"https:\/\/adegavidigueira.pt\/wp-content\/uploads\/2021\/06\/logotipo-acvca-horizontal-preto-200.png","contentUrl":"https:\/\/adegavidigueira.pt\/wp-content\/uploads\/2021\/06\/logotipo-acvca-horizontal-preto-200.png","width":200,"height":50,"caption":"Adega Cooperativa Vidigueira, Cuba e Alvito"},"image":{"@id":"https:\/\/adegavidigueira.pt\/#\/schema\/logo\/image\/"},"sameAs":["https:\/\/www.facebook.com\/AdegaCooperativadeVidigueira","https:\/\/www.instagram.com\/adegavidigueira\/"]}]}},"_links":{"self":[{"href":"https:\/\/adegavidigueira.pt\/en\/wp-json\/wp\/v2\/product\/12217","targetHints":{"allow":["GET"]}}],"collection":[{"href":"https:\/\/adegavidigueira.pt\/en\/wp-json\/wp\/v2\/product"}],"about":[{"href":"https:\/\/adegavidigueira.pt\/en\/wp-json\/wp\/v2\/types\/product"}],"replies":[{"embeddable":true,"href":"https:\/\/adegavidigueira.pt\/en\/wp-json\/wp\/v2\/comments?post=12217"}],"wp:featuredmedia":[{"embeddable":true,"href":"https:\/\/adegavidigueira.pt\/en\/wp-json\/wp\/v2\/media\/10680"}],"wp:attachment":[{"href":"https:\/\/adegavidigueira.pt\/en\/wp-json\/wp\/v2\/media?parent=12217"}],"wp:term":[{"taxonomy":"product_brand","embeddable":true,"href":"https:\/\/adegavidigueira.pt\/en\/wp-json\/wp\/v2\/product_brand?post=12217"},{"taxonomy":"product_cat","embeddable":true,"href":"https:\/\/adegavidigueira.pt\/en\/wp-json\/wp\/v2\/product_cat?post=12217"},{"taxonomy":"product_tag","embeddable":true,"href":"https:\/\/adegavidigueira.pt\/en\/wp-json\/wp\/v2\/product_tag?post=12217"}],"curies":[{"name":"wp","href":"https:\/\/api.w.org\/{rel}","templated":true}]}}