{"id":12246,"date":"2019-05-03T10:28:54","date_gmt":"2019-05-03T10:28:54","guid":{"rendered":"https:\/\/adegavidigueira.pt\/loja\/uncategorized\/vidigueira-talha-wine-doc\/"},"modified":"2025-07-21T13:25:57","modified_gmt":"2025-07-21T13:25:57","slug":"grapevine-tree-wine","status":"publish","type":"product","link":"https:\/\/adegavidigueira.pt\/en\/loja\/white-wines\/grapevine-tree-wine\/","title":{"rendered":"Vidigueira Wine from Vidigueira DOC"},"content":{"rendered":"<p>Developed by the Romans and brought to Portugal two thousand years ago, the carved wine is, today, the greatest symbol of the Alentejo, a region that has been able to preserve this traditional winemaking process. A know-how that has passed from generation to generation, according to the flavor of history and its events, establishing a cultural heritage of its own, which must be preserved and included in the cultural legacy of the region of Vidigueira, the heart of Carved Wine.<\/p>\n<p>This technique of making wine in large clay pots, the amphorae or talhas, has survived the centuries and, because of its simplicity and naturalness, has long been integrated into the daily lives of Alentejans. Any farmer with a vineyard, no matter how small, could not do without his own clay &#8220;talhinha&#8221; (or little pot) to make wine for personal consumption and to give to friends to taste.<\/p>\n<p>This production method is rooted in the cultural customs of the Vidigueira region and in the habits of the people of the Alentejo. At the end of a day&#8217;s work, the custom of going to the tavern, a place to meet, &#8220;sing&#8221; and chat, to socialize and drink a glass of this nectar, remains practically untouched.<\/p>\n<p>Mud and granite wine was on the verge of disappearing, but in the last decades it has gained more prominence among consumers, and more and more producers are betting on this fermentation technique made 100% in clay pots &#8211; each one inserting its own variations, according to local tradition and personal taste.<\/p>\n<p>At the Adega Cooperativa de Vidigueira, Cuba e Alvito we stick to the most traditional process, making our &#8220;Talha&#8221; wine as artisanally and manually as possible. With Casa das Talhas, we celebrate this ancient way of making and give a taste of a unique product, natural in its essence and complex in its personality.<\/p>\n","protected":false},"excerpt":{"rendered":"<p>The grapes that gave origin to this wine come from only 6 hectares of vineyards, owned by members of the winery who made them available for this project. All are unanimous in revealing their &#8220;high pride and expectation&#8221; to see their work rewarded, since they delivered grapes of the traditional white varieties: Ant\u00e3o Vaz, Roupeiro, Mante\u00fado, Diagalves, Lari\u00e3o and Perrum, some of them almost extinct<\/p>\n","protected":false},"featured_media":7925,"comment_status":"open","ping_status":"closed","template":"","meta":{"inline_featured_image":false,"_joinchat":[]},"product_brand":[],"product_cat":[245,459],"product_tag":[],"class_list":{"0":"post-12246","1":"product","2":"type-product","3":"status-publish","4":"has-post-thumbnail","6":"product_cat-white-wines","7":"product_cat-carved-wines","8":"product_shipping_class-free-shipping","10":"first","11":"instock","12":"taxable","13":"shipping-taxable","14":"purchasable","15":"product-type-simple"},"yoast_head":"<!-- This site is optimized with the Yoast SEO plugin v27.3 - https:\/\/yoast.com\/product\/yoast-seo-wordpress\/ -->\n<title>Vidigueira Wine from Vidigueira DOC - Adega Vidigueira, Cuba e Alvito<\/title>\n<meta name=\"robots\" content=\"index, follow, max-snippet:-1, max-image-preview:large, max-video-preview:-1\" \/>\n<link rel=\"canonical\" href=\"https:\/\/adegavidigueira.pt\/loja\/vinhos-brancos\/vidigueira-vinho-de-talha-doc\/\" \/>\n<meta property=\"og:locale\" content=\"en_US\" \/>\n<meta property=\"og:type\" content=\"article\" \/>\n<meta property=\"og:title\" content=\"Vidigueira Wine from Vidigueira DOC - Adega Vidigueira, Cuba e Alvito\" \/>\n<meta property=\"og:description\" content=\"The grapes that gave origin to this wine come from only 6 hectares of vineyards, owned by members of the winery who made them available for this project. All are unanimous in revealing their &quot;high pride and expectation&quot; to see their work rewarded, since they delivered grapes of the traditional white varieties: Ant\u00e3o Vaz, Roupeiro, Mante\u00fado, Diagalves, Lari\u00e3o and Perrum, some of them almost extinct\" \/>\n<meta property=\"og:url\" content=\"https:\/\/adegavidigueira.pt\/loja\/vinhos-brancos\/vidigueira-vinho-de-talha-doc\/\" \/>\n<meta property=\"og:site_name\" content=\"Adega Vidigueira, Cuba e Alvito\" \/>\n<meta property=\"article:publisher\" content=\"https:\/\/www.facebook.com\/AdegaCooperativadeVidigueira\" \/>\n<meta property=\"article:modified_time\" content=\"2025-07-21T13:25:57+00:00\" \/>\n<meta property=\"og:image\" content=\"https:\/\/adegavidigueira.pt\/wp-content\/uploads\/2021\/01\/vidigueira-talha-vinho-branco-alentejano-075l.jpg\" \/>\n\t<meta property=\"og:image:width\" content=\"850\" \/>\n\t<meta property=\"og:image:height\" content=\"850\" \/>\n\t<meta property=\"og:image:type\" content=\"image\/jpeg\" \/>\n<meta name=\"twitter:card\" content=\"summary_large_image\" \/>\n<meta name=\"twitter:label1\" content=\"Est. reading time\" \/>\n\t<meta name=\"twitter:data1\" content=\"2 minutes\" \/>\n<script type=\"application\/ld+json\" class=\"yoast-schema-graph\">{\"@context\":\"https:\\\/\\\/schema.org\",\"@graph\":[{\"@type\":\"WebPage\",\"@id\":\"https:\\\/\\\/adegavidigueira.pt\\\/loja\\\/vinhos-brancos\\\/vidigueira-vinho-de-talha-doc\\\/\",\"url\":\"https:\\\/\\\/adegavidigueira.pt\\\/loja\\\/vinhos-brancos\\\/vidigueira-vinho-de-talha-doc\\\/\",\"name\":\"Vidigueira Wine from Vidigueira DOC - Adega Vidigueira, Cuba e Alvito\",\"isPartOf\":{\"@id\":\"https:\\\/\\\/adegavidigueira.pt\\\/#website\"},\"primaryImageOfPage\":{\"@id\":\"https:\\\/\\\/adegavidigueira.pt\\\/loja\\\/vinhos-brancos\\\/vidigueira-vinho-de-talha-doc\\\/#primaryimage\"},\"image\":{\"@id\":\"https:\\\/\\\/adegavidigueira.pt\\\/loja\\\/vinhos-brancos\\\/vidigueira-vinho-de-talha-doc\\\/#primaryimage\"},\"thumbnailUrl\":\"https:\\\/\\\/adegavidigueira.pt\\\/wp-content\\\/uploads\\\/2021\\\/01\\\/vidigueira-talha-vinho-branco-alentejano-075l.jpg\",\"datePublished\":\"2019-05-03T10:28:54+00:00\",\"dateModified\":\"2025-07-21T13:25:57+00:00\",\"breadcrumb\":{\"@id\":\"https:\\\/\\\/adegavidigueira.pt\\\/loja\\\/vinhos-brancos\\\/vidigueira-vinho-de-talha-doc\\\/#breadcrumb\"},\"inLanguage\":\"en-US\",\"potentialAction\":[{\"@type\":\"ReadAction\",\"target\":[\"https:\\\/\\\/adegavidigueira.pt\\\/loja\\\/vinhos-brancos\\\/vidigueira-vinho-de-talha-doc\\\/\"]}]},{\"@type\":\"ImageObject\",\"inLanguage\":\"en-US\",\"@id\":\"https:\\\/\\\/adegavidigueira.pt\\\/loja\\\/vinhos-brancos\\\/vidigueira-vinho-de-talha-doc\\\/#primaryimage\",\"url\":\"https:\\\/\\\/adegavidigueira.pt\\\/wp-content\\\/uploads\\\/2021\\\/01\\\/vidigueira-talha-vinho-branco-alentejano-075l.jpg\",\"contentUrl\":\"https:\\\/\\\/adegavidigueira.pt\\\/wp-content\\\/uploads\\\/2021\\\/01\\\/vidigueira-talha-vinho-branco-alentejano-075l.jpg\",\"width\":850,\"height\":850,\"caption\":\"Vinho de talha - Vidigueira Talha Branco Alentejano DOC 075l\"},{\"@type\":\"BreadcrumbList\",\"@id\":\"https:\\\/\\\/adegavidigueira.pt\\\/loja\\\/vinhos-brancos\\\/vidigueira-vinho-de-talha-doc\\\/#breadcrumb\",\"itemListElement\":[{\"@type\":\"ListItem\",\"position\":1,\"name\":\"In\u00edcio\",\"item\":\"https:\\\/\\\/adegavidigueira.pt\\\/en\\\/adega-vidigueira-cuba-e-alvito\\\/\"},{\"@type\":\"ListItem\",\"position\":2,\"name\":\"Shop\",\"item\":\"https:\\\/\\\/adegavidigueira.pt\\\/en\\\/store\\\/\"},{\"@type\":\"ListItem\",\"position\":3,\"name\":\"Privado: Vidigueira Wine from Vidigueira DOC\"}]},{\"@type\":\"WebSite\",\"@id\":\"https:\\\/\\\/adegavidigueira.pt\\\/#website\",\"url\":\"https:\\\/\\\/adegavidigueira.pt\\\/\",\"name\":\"Adega Cooperativa Vidigueira, Cuba e Alvito\",\"description\":\"Quando o Vinho \u00e9 uma Viagem\",\"publisher\":{\"@id\":\"https:\\\/\\\/adegavidigueira.pt\\\/#organization\"},\"potentialAction\":[{\"@type\":\"SearchAction\",\"target\":{\"@type\":\"EntryPoint\",\"urlTemplate\":\"https:\\\/\\\/adegavidigueira.pt\\\/?s={search_term_string}\"},\"query-input\":{\"@type\":\"PropertyValueSpecification\",\"valueRequired\":true,\"valueName\":\"search_term_string\"}}],\"inLanguage\":\"en-US\"},{\"@type\":\"Organization\",\"@id\":\"https:\\\/\\\/adegavidigueira.pt\\\/#organization\",\"name\":\"Adega Cooperativa Vidigueira, Cuba e Alvito\",\"url\":\"https:\\\/\\\/adegavidigueira.pt\\\/\",\"logo\":{\"@type\":\"ImageObject\",\"inLanguage\":\"en-US\",\"@id\":\"https:\\\/\\\/adegavidigueira.pt\\\/#\\\/schema\\\/logo\\\/image\\\/\",\"url\":\"https:\\\/\\\/adegavidigueira.pt\\\/wp-content\\\/uploads\\\/2021\\\/06\\\/logotipo-acvca-horizontal-preto-200.png\",\"contentUrl\":\"https:\\\/\\\/adegavidigueira.pt\\\/wp-content\\\/uploads\\\/2021\\\/06\\\/logotipo-acvca-horizontal-preto-200.png\",\"width\":200,\"height\":50,\"caption\":\"Adega Cooperativa Vidigueira, Cuba e Alvito\"},\"image\":{\"@id\":\"https:\\\/\\\/adegavidigueira.pt\\\/#\\\/schema\\\/logo\\\/image\\\/\"},\"sameAs\":[\"https:\\\/\\\/www.facebook.com\\\/AdegaCooperativadeVidigueira\",\"https:\\\/\\\/www.instagram.com\\\/adegavidigueira\\\/\"]}]}<\/script>\n<!-- \/ Yoast SEO plugin. -->","yoast_head_json":{"title":"Vidigueira Wine from Vidigueira DOC - Adega Vidigueira, Cuba e Alvito","robots":{"index":"index","follow":"follow","max-snippet":"max-snippet:-1","max-image-preview":"max-image-preview:large","max-video-preview":"max-video-preview:-1"},"canonical":"https:\/\/adegavidigueira.pt\/loja\/vinhos-brancos\/vidigueira-vinho-de-talha-doc\/","og_locale":"en_US","og_type":"article","og_title":"Vidigueira Wine from Vidigueira DOC - Adega Vidigueira, Cuba e Alvito","og_description":"The grapes that gave origin to this wine come from only 6 hectares of vineyards, owned by members of the winery who made them available for this project. All are unanimous in revealing their \"high pride and expectation\" to see their work rewarded, since they delivered grapes of the traditional white varieties: Ant\u00e3o Vaz, Roupeiro, Mante\u00fado, Diagalves, Lari\u00e3o and Perrum, some of them almost extinct","og_url":"https:\/\/adegavidigueira.pt\/loja\/vinhos-brancos\/vidigueira-vinho-de-talha-doc\/","og_site_name":"Adega Vidigueira, Cuba e Alvito","article_publisher":"https:\/\/www.facebook.com\/AdegaCooperativadeVidigueira","article_modified_time":"2025-07-21T13:25:57+00:00","og_image":[{"width":850,"height":850,"url":"https:\/\/adegavidigueira.pt\/wp-content\/uploads\/2021\/01\/vidigueira-talha-vinho-branco-alentejano-075l.jpg","type":"image\/jpeg"}],"twitter_card":"summary_large_image","twitter_misc":{"Est. reading time":"2 minutes"},"schema":{"@context":"https:\/\/schema.org","@graph":[{"@type":"WebPage","@id":"https:\/\/adegavidigueira.pt\/loja\/vinhos-brancos\/vidigueira-vinho-de-talha-doc\/","url":"https:\/\/adegavidigueira.pt\/loja\/vinhos-brancos\/vidigueira-vinho-de-talha-doc\/","name":"Vidigueira Wine from Vidigueira DOC - Adega Vidigueira, Cuba e Alvito","isPartOf":{"@id":"https:\/\/adegavidigueira.pt\/#website"},"primaryImageOfPage":{"@id":"https:\/\/adegavidigueira.pt\/loja\/vinhos-brancos\/vidigueira-vinho-de-talha-doc\/#primaryimage"},"image":{"@id":"https:\/\/adegavidigueira.pt\/loja\/vinhos-brancos\/vidigueira-vinho-de-talha-doc\/#primaryimage"},"thumbnailUrl":"https:\/\/adegavidigueira.pt\/wp-content\/uploads\/2021\/01\/vidigueira-talha-vinho-branco-alentejano-075l.jpg","datePublished":"2019-05-03T10:28:54+00:00","dateModified":"2025-07-21T13:25:57+00:00","breadcrumb":{"@id":"https:\/\/adegavidigueira.pt\/loja\/vinhos-brancos\/vidigueira-vinho-de-talha-doc\/#breadcrumb"},"inLanguage":"en-US","potentialAction":[{"@type":"ReadAction","target":["https:\/\/adegavidigueira.pt\/loja\/vinhos-brancos\/vidigueira-vinho-de-talha-doc\/"]}]},{"@type":"ImageObject","inLanguage":"en-US","@id":"https:\/\/adegavidigueira.pt\/loja\/vinhos-brancos\/vidigueira-vinho-de-talha-doc\/#primaryimage","url":"https:\/\/adegavidigueira.pt\/wp-content\/uploads\/2021\/01\/vidigueira-talha-vinho-branco-alentejano-075l.jpg","contentUrl":"https:\/\/adegavidigueira.pt\/wp-content\/uploads\/2021\/01\/vidigueira-talha-vinho-branco-alentejano-075l.jpg","width":850,"height":850,"caption":"Vinho de talha - Vidigueira Talha Branco Alentejano DOC 075l"},{"@type":"BreadcrumbList","@id":"https:\/\/adegavidigueira.pt\/loja\/vinhos-brancos\/vidigueira-vinho-de-talha-doc\/#breadcrumb","itemListElement":[{"@type":"ListItem","position":1,"name":"In\u00edcio","item":"https:\/\/adegavidigueira.pt\/en\/adega-vidigueira-cuba-e-alvito\/"},{"@type":"ListItem","position":2,"name":"Shop","item":"https:\/\/adegavidigueira.pt\/en\/store\/"},{"@type":"ListItem","position":3,"name":"Privado: Vidigueira Wine from Vidigueira DOC"}]},{"@type":"WebSite","@id":"https:\/\/adegavidigueira.pt\/#website","url":"https:\/\/adegavidigueira.pt\/","name":"Adega Cooperativa Vidigueira, Cuba e Alvito","description":"Quando o Vinho \u00e9 uma Viagem","publisher":{"@id":"https:\/\/adegavidigueira.pt\/#organization"},"potentialAction":[{"@type":"SearchAction","target":{"@type":"EntryPoint","urlTemplate":"https:\/\/adegavidigueira.pt\/?s={search_term_string}"},"query-input":{"@type":"PropertyValueSpecification","valueRequired":true,"valueName":"search_term_string"}}],"inLanguage":"en-US"},{"@type":"Organization","@id":"https:\/\/adegavidigueira.pt\/#organization","name":"Adega Cooperativa Vidigueira, Cuba e Alvito","url":"https:\/\/adegavidigueira.pt\/","logo":{"@type":"ImageObject","inLanguage":"en-US","@id":"https:\/\/adegavidigueira.pt\/#\/schema\/logo\/image\/","url":"https:\/\/adegavidigueira.pt\/wp-content\/uploads\/2021\/06\/logotipo-acvca-horizontal-preto-200.png","contentUrl":"https:\/\/adegavidigueira.pt\/wp-content\/uploads\/2021\/06\/logotipo-acvca-horizontal-preto-200.png","width":200,"height":50,"caption":"Adega Cooperativa Vidigueira, Cuba e Alvito"},"image":{"@id":"https:\/\/adegavidigueira.pt\/#\/schema\/logo\/image\/"},"sameAs":["https:\/\/www.facebook.com\/AdegaCooperativadeVidigueira","https:\/\/www.instagram.com\/adegavidigueira\/"]}]}},"_links":{"self":[{"href":"https:\/\/adegavidigueira.pt\/en\/wp-json\/wp\/v2\/product\/12246","targetHints":{"allow":["GET"]}}],"collection":[{"href":"https:\/\/adegavidigueira.pt\/en\/wp-json\/wp\/v2\/product"}],"about":[{"href":"https:\/\/adegavidigueira.pt\/en\/wp-json\/wp\/v2\/types\/product"}],"replies":[{"embeddable":true,"href":"https:\/\/adegavidigueira.pt\/en\/wp-json\/wp\/v2\/comments?post=12246"}],"wp:featuredmedia":[{"embeddable":true,"href":"https:\/\/adegavidigueira.pt\/en\/wp-json\/wp\/v2\/media\/7925"}],"wp:attachment":[{"href":"https:\/\/adegavidigueira.pt\/en\/wp-json\/wp\/v2\/media?parent=12246"}],"wp:term":[{"taxonomy":"product_brand","embeddable":true,"href":"https:\/\/adegavidigueira.pt\/en\/wp-json\/wp\/v2\/product_brand?post=12246"},{"taxonomy":"product_cat","embeddable":true,"href":"https:\/\/adegavidigueira.pt\/en\/wp-json\/wp\/v2\/product_cat?post=12246"},{"taxonomy":"product_tag","embeddable":true,"href":"https:\/\/adegavidigueira.pt\/en\/wp-json\/wp\/v2\/product_tag?post=12246"}],"curies":[{"name":"wp","href":"https:\/\/api.w.org\/{rel}","templated":true}]}}